{"id":1255,"date":"2025-03-17T10:11:24","date_gmt":"2025-03-17T09:11:24","guid":{"rendered":"https:\/\/www.comessa.com\/?page_id=1255"},"modified":"2025-11-20T16:27:55","modified_gmt":"2025-11-20T15:27:55","slug":"certificats","status":"publish","type":"page","link":"https:\/\/www.comessa.com\/fr\/certificats\/","title":{"rendered":"Certificats"},"content":{"rendered":"\t\t<div data-elementor-type=\"wp-page\" data-elementor-id=\"1255\" class=\"elementor elementor-1255\" data-elementor-post-type=\"page\">\n\t\t\t\t<div class=\"elementor-element elementor-element-603e72af e-flex e-con-boxed e-con e-parent\" data-id=\"603e72af\" data-element_type=\"container\" data-e-type=\"container\" data-settings=\"{&quot;background_background&quot;:&quot;slideshow&quot;,&quot;background_slideshow_gallery&quot;:[{&quot;id&quot;:1177,&quot;url&quot;:&quot;https:\\\/\\\/www.comessa.com\\\/wp-content\\\/uploads\\\/2025\\\/03\\\/01_COMESSA-Site-Office-scaled.jpeg&quot;},{&quot;id&quot;:1176,&quot;url&quot;:&quot;https:\\\/\\\/www.comessa.com\\\/wp-content\\\/uploads\\\/2025\\\/03\\\/01_COMESSA-Site-Gnal-view.jpg&quot;},{&quot;id&quot;:1178,&quot;url&quot;:&quot;https:\\\/\\\/www.comessa.com\\\/wp-content\\\/uploads\\\/2025\\\/03\\\/01_COMESSA-Site-with-Test-Center-scaled.jpeg&quot;},{&quot;id&quot;:1578,&quot;url&quot;:&quot;https:\\\/\\\/www.comessa.com\\\/wp-content\\\/uploads\\\/2025\\\/03\\\/01_2021-05-COMESSA_Site-4.jpg&quot;}],&quot;background_slideshow_slide_duration&quot;:6000,&quot;background_slideshow_transition_duration&quot;:800,&quot;background_slideshow_loop&quot;:&quot;yes&quot;,&quot;background_slideshow_slide_transition&quot;:&quot;fade&quot;}\">\n\t\t\t\t\t<div class=\"e-con-inner\">\n\t\t\t\t\t<\/div>\n\t\t\t\t<\/div>\n\t\t<div class=\"elementor-element elementor-element-24ed2740 e-flex e-con-boxed e-con e-parent\" data-id=\"24ed2740\" data-element_type=\"container\" data-e-type=\"container\">\n\t\t\t\t\t<div class=\"e-con-inner\">\n\t\t\t\t<div class=\"elementor-element elementor-element-5ff9c598 elementor-widget elementor-widget-breadcrumbs\" data-id=\"5ff9c598\" data-element_type=\"widget\" data-e-type=\"widget\" data-widget_type=\"breadcrumbs.default\">\n\t\t\t\t<div class=\"elementor-widget-container\">\n\t\t\t\t\t<p id=\"breadcrumbs\"><span><span><a href=\"https:\/\/www.comessa.com\/fr\/\"><span class=\"displayfr\">Accueil<\/span><span class=\"displayen\">Home<\/span><\/a><\/span><\/span><\/p>\t\t\t\t<\/div>\n\t\t\t\t<\/div>\n\t\t\t\t\t<\/div>\n\t\t\t\t<\/div>\n\t\t<div class=\"elementor-element elementor-element-ad2ee1f e-flex e-con-boxed e-con e-parent\" data-id=\"ad2ee1f\" data-element_type=\"container\" data-e-type=\"container\">\n\t\t\t\t\t<div class=\"e-con-inner\">\n\t\t<div class=\"elementor-element elementor-element-87a7336 e-con-full e-flex e-con e-child\" data-id=\"87a7336\" data-element_type=\"container\" data-e-type=\"container\">\n\t\t\t\t<div class=\"elementor-element elementor-element-1147a67 elementor-widget elementor-widget-heading\" data-id=\"1147a67\" data-element_type=\"widget\" data-e-type=\"widget\" data-widget_type=\"heading.default\">\n\t\t\t\t<div class=\"elementor-widget-container\">\n\t\t\t\t\t<h1 class=\"elementor-heading-title elementor-size-default\">comessa,<br \/>une entreprise certifi\u00e9e<\/h1>\t\t\t\t<\/div>\n\t\t\t\t<\/div>\n\t\t\t\t<\/div>\n\t\t<div class=\"elementor-element elementor-element-15168f0 e-con-full e-flex e-con e-child\" data-id=\"15168f0\" data-element_type=\"container\" data-e-type=\"container\">\n\t\t\t\t<div class=\"elementor-element elementor-element-82aff95 elementor-widget elementor-widget-image\" data-id=\"82aff95\" data-element_type=\"widget\" data-e-type=\"widget\" data-widget_type=\"image.default\">\n\t\t\t\t<div class=\"elementor-widget-container\">\n\t\t\t\t\t\t\t\t\t\t\t\t\t\t\t<img decoding=\"async\" width=\"189\" height=\"186\" src=\"https:\/\/www.comessa.com\/wp-content\/uploads\/2025\/05\/ISO-logo-sans-fond-e1763540793414.png\" class=\"attachment-large size-large wp-image-2787\" alt=\"\" \/>\t\t\t\t\t\t\t\t\t\t\t\t\t\t\t<\/div>\n\t\t\t\t<\/div>\n\t\t\t\t<div class=\"elementor-element elementor-element-81d4c17 elementor-widget elementor-widget-image\" data-id=\"81d4c17\" data-element_type=\"widget\" data-e-type=\"widget\" data-widget_type=\"image.default\">\n\t\t\t\t<div class=\"elementor-widget-container\">\n\t\t\t\t\t\t\t\t\t\t\t\t\t\t\t<img fetchpriority=\"high\" decoding=\"async\" width=\"800\" height=\"800\" src=\"https:\/\/www.comessa.com\/wp-content\/uploads\/2025\/10\/COMESSA-2025-Ecovadis-medal-1024x1024.png\" class=\"attachment-large size-large wp-image-8056\" alt=\"\" srcset=\"https:\/\/www.comessa.com\/wp-content\/uploads\/2025\/10\/COMESSA-2025-Ecovadis-medal-1024x1024.png 1024w, https:\/\/www.comessa.com\/wp-content\/uploads\/2025\/10\/COMESSA-2025-Ecovadis-medal-300x300.png 300w, https:\/\/www.comessa.com\/wp-content\/uploads\/2025\/10\/COMESSA-2025-Ecovadis-medal-150x150.png 150w, https:\/\/www.comessa.com\/wp-content\/uploads\/2025\/10\/COMESSA-2025-Ecovadis-medal-768x768.png 768w, https:\/\/www.comessa.com\/wp-content\/uploads\/2025\/10\/COMESSA-2025-Ecovadis-medal-1536x1536.png 1536w, https:\/\/www.comessa.com\/wp-content\/uploads\/2025\/10\/COMESSA-2025-Ecovadis-medal.png 1080w\" sizes=\"(max-width: 800px) 100vw, 800px\" \/>\t\t\t\t\t\t\t\t\t\t\t\t\t\t\t<\/div>\n\t\t\t\t<\/div>\n\t\t\t\t<\/div>\n\t\t\t\t\t<\/div>\n\t\t\t\t<\/div>\n\t\t<div class=\"elementor-element elementor-element-3be969f5 e-flex e-con-boxed e-con e-parent\" data-id=\"3be969f5\" data-element_type=\"container\" data-e-type=\"container\">\n\t\t\t\t\t<div class=\"e-con-inner\">\n\t\t<div class=\"elementor-element elementor-element-d29a39b e-grid e-con-full e-con e-child\" data-id=\"d29a39b\" data-element_type=\"container\" data-e-type=\"container\">\n\t\t<div class=\"elementor-element elementor-element-43c2a9a e-con-full e-flex e-con e-child\" data-id=\"43c2a9a\" data-element_type=\"container\" data-e-type=\"container\">\n\t\t\t\t<div class=\"elementor-element elementor-element-b7253a5 elementor-widget elementor-widget-heading\" data-id=\"b7253a5\" data-element_type=\"widget\" data-e-type=\"widget\" data-widget_type=\"heading.default\">\n\t\t\t\t<div class=\"elementor-widget-container\">\n\t\t\t\t\t<h2 class=\"elementor-heading-title elementor-size-default\">COMESSA certifi\u00e9e ISO 9001 <\/h2>\t\t\t\t<\/div>\n\t\t\t\t<\/div>\n\t\t\t\t<div class=\"elementor-element elementor-element-b24b13e elementor-widget elementor-widget-text-editor\" data-id=\"b24b13e\" data-element_type=\"widget\" data-e-type=\"widget\" data-widget_type=\"text-editor.default\">\n\t\t\t\t<div class=\"elementor-widget-container\">\n\t\t\t\t\t\t\t\t\t<p><strong>COMESSA est certifi\u00e9e aux normes Syst\u00e8me de Management de la Qualit\u00e9, Sant\u00e9 &amp; S\u00e9curit\u00e9, Environnement et de la Responsabilit\u00e9 Soci\u00e9tale, selon les r\u00e9f\u00e9rentiels :<\/strong><br \/>&#8211; ISO 9001 : 2015 (Management de la Qualit\u00e9)<br \/>&#8211; ISO 14001 : 2015 (Management Environnemental)<br \/>&#8211; ISO 45001 : 2018 (Management de la Sant\u00e9 et de la S\u00e9curit\u00e9)<br \/>&#8211; ISO 20000 : 2011 (Management des Technologies de l&rsquo;Information)<br \/>&#8211; ISO 26000 : 2010 (Responsabilit\u00e9 Soci\u00e9tale)<br \/>&#8211; SA 8000 : 2008 (Responsabilit\u00e9 Soci\u00e9tale et D\u00e9veloppement Durable)<\/p>\t\t\t\t\t\t\t\t<\/div>\n\t\t\t\t<\/div>\n\t\t\t\t<\/div>\n\t\t<div class=\"elementor-element elementor-element-2fd24ad e-con-full e-flex e-con e-child\" data-id=\"2fd24ad\" data-element_type=\"container\" data-e-type=\"container\">\n\t\t\t\t<div class=\"elementor-element elementor-element-26ef80d elementor-widget elementor-widget-heading\" data-id=\"26ef80d\" data-element_type=\"widget\" data-e-type=\"widget\" data-widget_type=\"heading.default\">\n\t\t\t\t<div class=\"elementor-widget-container\">\n\t\t\t\t\t<h2 class=\"elementor-heading-title elementor-size-default\">pERFORMANCE RSE (EcoVadis)<\/h2>\t\t\t\t<\/div>\n\t\t\t\t<\/div>\n\t\t\t\t<div class=\"elementor-element elementor-element-a24bdcf elementor-widget elementor-widget-text-editor\" data-id=\"a24bdcf\" data-element_type=\"widget\" data-e-type=\"widget\" data-widget_type=\"text-editor.default\">\n\t\t\t\t<div class=\"elementor-widget-container\">\n\t\t\t\t\t\t\t\t\t<p><strong>COMESSA est impliqu\u00e9e au quotidien dans les enjeux environnementaux, sociaux, \u00e9conomiques, \u00e9thiques et dans ses relations avec les parties prenantes.<br \/><\/strong>En septembre 2025, COMESSA a notamment re\u00e7u la m\u00e9daille d&rsquo;Argent d&rsquo;EcoVadis (organisation de d\u00e9veloppement durable accr\u00e9dit\u00e9e) pour ses performances en mati\u00e8re de RSE (Responsabilit\u00e9 Soci\u00e9tale et Environnementale). COMESSA est class\u00e9e parmi les 15% des meilleures entreprises \u00e9valu\u00e9es par EcoVadis.<\/p>\t\t\t\t\t\t\t\t<\/div>\n\t\t\t\t<\/div>\n\t\t\t\t<\/div>\n\t\t<div class=\"elementor-element elementor-element-8ca40bf e-con-full e-flex e-con e-child\" data-id=\"8ca40bf\" data-element_type=\"container\" data-e-type=\"container\">\n\t\t\t\t<div class=\"elementor-element elementor-element-946af23 elementor-widget__width-initial elementor-widget elementor-widget-image\" data-id=\"946af23\" data-element_type=\"widget\" data-e-type=\"widget\" data-widget_type=\"image.default\">\n\t\t\t\t<div class=\"elementor-widget-container\">\n\t\t\t\t\t\t\t\t\t\t\t\t\t\t\t<img decoding=\"async\" width=\"362\" height=\"302\" src=\"https:\/\/www.comessa.com\/wp-content\/uploads\/2025\/10\/COMESSA-Certificats_Image.jpg\" class=\"attachment-large size-large wp-image-8045\" alt=\"\" srcset=\"https:\/\/www.comessa.com\/wp-content\/uploads\/2025\/10\/COMESSA-Certificats_Image.jpg 362w, https:\/\/www.comessa.com\/wp-content\/uploads\/2025\/10\/COMESSA-Certificats_Image-300x250.jpg 300w\" sizes=\"(max-width: 362px) 100vw, 362px\" \/>\t\t\t\t\t\t\t\t\t\t\t\t\t\t\t<\/div>\n\t\t\t\t<\/div>\n\t\t\t\t<div class=\"elementor-element elementor-element-c69ee7a elementor-widget elementor-widget-heading\" data-id=\"c69ee7a\" data-element_type=\"widget\" data-e-type=\"widget\" data-widget_type=\"heading.default\">\n\t\t\t\t<div class=\"elementor-widget-container\">\n\t\t\t\t\t<h2 class=\"elementor-heading-title elementor-size-default\">Demandez nos certificats &amp; attestations<\/h2>\t\t\t\t<\/div>\n\t\t\t\t<\/div>\n\t\t\t\t<div class=\"elementor-element elementor-element-f6285b1 elementor-icon-list--layout-traditional elementor-list-item-link-full_width elementor-widget elementor-widget-icon-list\" data-id=\"f6285b1\" data-element_type=\"widget\" data-e-type=\"widget\" data-widget_type=\"icon-list.default\">\n\t\t\t\t<div class=\"elementor-widget-container\">\n\t\t\t\t\t\t\t<ul class=\"elementor-icon-list-items\">\n\t\t\t\t\t\t\t<li class=\"elementor-icon-list-item\">\n\t\t\t\t\t\t\t\t\t\t\t<a href=\"https:\/\/www.comessa.com\/telechargements\/\">\n\n\t\t\t\t\t\t\t\t\t\t\t\t<span class=\"elementor-icon-list-icon\">\n\t\t\t\t\t\t\t<svg xmlns=\"http:\/\/www.w3.org\/2000\/svg\" width=\"18\" height=\"18\" viewBox=\"0 0 18 18\" fill=\"none\"><path fill-rule=\"evenodd\" clip-rule=\"evenodd\" d=\"M9 0C9.49706 0 9.9 0.402944 9.9 0.9V9.52721L12.8636 6.5636C13.2151 6.21213 13.7849 6.21213 14.1364 6.5636C14.4879 6.91508 14.4879 7.48492 14.1364 7.8364L9.6364 12.3364C9.28492 12.6879 8.71508 12.6879 8.3636 12.3364L3.8636 7.8364C3.51213 7.48492 3.51213 6.91508 3.8636 6.5636C4.21508 6.21213 4.78492 6.21213 5.1364 6.5636L8.1 9.52721V0.9C8.1 0.402944 8.50294 0 9 0ZM0.9 10.8C1.39706 10.8 1.8 11.2029 1.8 11.7V15.3C1.8 15.5387 1.89482 15.7676 2.0636 15.9364C2.23239 16.1052 2.46131 16.2 2.7 16.2H15.3C15.5387 16.2 15.7676 16.1052 15.9364 15.9364C16.1052 15.7676 16.2 15.5387 16.2 15.3V11.7C16.2 11.2029 16.6029 10.8 17.1 10.8C17.5971 10.8 18 11.2029 18 11.7V15.3C18 16.0161 17.7155 16.7028 17.2092 17.2092C16.7028 17.7155 16.0161 18 15.3 18H2.7C1.98392 18 1.29716 17.7155 0.790812 17.2092C0.284463 16.7028 0 16.0161 0 15.3V11.7C0 11.2029 0.402944 10.8 0.9 10.8Z\" fill=\"#E52321\"><\/path><\/svg>\t\t\t\t\t\t<\/span>\n\t\t\t\t\t\t\t\t\t\t<span class=\"elementor-icon-list-text\">Certificat ISO 9001 - 14001 - 45001 - 20000<\/span>\n\t\t\t\t\t\t\t\t\t\t\t<\/a>\n\t\t\t\t\t\t\t\t\t<\/li>\n\t\t\t\t\t\t\t\t<li class=\"elementor-icon-list-item\">\n\t\t\t\t\t\t\t\t\t\t\t<a href=\"https:\/\/www.comessa.com\/telechargements\/\">\n\n\t\t\t\t\t\t\t\t\t\t\t\t<span class=\"elementor-icon-list-icon\">\n\t\t\t\t\t\t\t<svg xmlns=\"http:\/\/www.w3.org\/2000\/svg\" width=\"18\" height=\"18\" viewBox=\"0 0 18 18\" fill=\"none\"><path fill-rule=\"evenodd\" clip-rule=\"evenodd\" d=\"M9 0C9.49706 0 9.9 0.402944 9.9 0.9V9.52721L12.8636 6.5636C13.2151 6.21213 13.7849 6.21213 14.1364 6.5636C14.4879 6.91508 14.4879 7.48492 14.1364 7.8364L9.6364 12.3364C9.28492 12.6879 8.71508 12.6879 8.3636 12.3364L3.8636 7.8364C3.51213 7.48492 3.51213 6.91508 3.8636 6.5636C4.21508 6.21213 4.78492 6.21213 5.1364 6.5636L8.1 9.52721V0.9C8.1 0.402944 8.50294 0 9 0ZM0.9 10.8C1.39706 10.8 1.8 11.2029 1.8 11.7V15.3C1.8 15.5387 1.89482 15.7676 2.0636 15.9364C2.23239 16.1052 2.46131 16.2 2.7 16.2H15.3C15.5387 16.2 15.7676 16.1052 15.9364 15.9364C16.1052 15.7676 16.2 15.5387 16.2 15.3V11.7C16.2 11.2029 16.6029 10.8 17.1 10.8C17.5971 10.8 18 11.2029 18 11.7V15.3C18 16.0161 17.7155 16.7028 17.2092 17.2092C16.7028 17.7155 16.0161 18 15.3 18H2.7C1.98392 18 1.29716 17.7155 0.790812 17.2092C0.284463 16.7028 0 16.0161 0 15.3V11.7C0 11.2029 0.402944 10.8 0.9 10.8Z\" fill=\"#E52321\"><\/path><\/svg>\t\t\t\t\t\t<\/span>\n\t\t\t\t\t\t\t\t\t\t<span class=\"elementor-icon-list-text\">Attestation ISO 26000<\/span>\n\t\t\t\t\t\t\t\t\t\t\t<\/a>\n\t\t\t\t\t\t\t\t\t<\/li>\n\t\t\t\t\t\t\t\t<li class=\"elementor-icon-list-item\">\n\t\t\t\t\t\t\t\t\t\t\t<a href=\"https:\/\/www.comessa.com\/telechargements\/\">\n\n\t\t\t\t\t\t\t\t\t\t\t\t<span class=\"elementor-icon-list-icon\">\n\t\t\t\t\t\t\t<svg xmlns=\"http:\/\/www.w3.org\/2000\/svg\" width=\"18\" height=\"18\" viewBox=\"0 0 18 18\" fill=\"none\"><path fill-rule=\"evenodd\" clip-rule=\"evenodd\" d=\"M9 0C9.49706 0 9.9 0.402944 9.9 0.9V9.52721L12.8636 6.5636C13.2151 6.21213 13.7849 6.21213 14.1364 6.5636C14.4879 6.91508 14.4879 7.48492 14.1364 7.8364L9.6364 12.3364C9.28492 12.6879 8.71508 12.6879 8.3636 12.3364L3.8636 7.8364C3.51213 7.48492 3.51213 6.91508 3.8636 6.5636C4.21508 6.21213 4.78492 6.21213 5.1364 6.5636L8.1 9.52721V0.9C8.1 0.402944 8.50294 0 9 0ZM0.9 10.8C1.39706 10.8 1.8 11.2029 1.8 11.7V15.3C1.8 15.5387 1.89482 15.7676 2.0636 15.9364C2.23239 16.1052 2.46131 16.2 2.7 16.2H15.3C15.5387 16.2 15.7676 16.1052 15.9364 15.9364C16.1052 15.7676 16.2 15.5387 16.2 15.3V11.7C16.2 11.2029 16.6029 10.8 17.1 10.8C17.5971 10.8 18 11.2029 18 11.7V15.3C18 16.0161 17.7155 16.7028 17.2092 17.2092C16.7028 17.7155 16.0161 18 15.3 18H2.7C1.98392 18 1.29716 17.7155 0.790812 17.2092C0.284463 16.7028 0 16.0161 0 15.3V11.7C0 11.2029 0.402944 10.8 0.9 10.8Z\" fill=\"#E52321\"><\/path><\/svg>\t\t\t\t\t\t<\/span>\n\t\t\t\t\t\t\t\t\t\t<span class=\"elementor-icon-list-text\">Attestation SA 8000<\/span>\n\t\t\t\t\t\t\t\t\t\t\t<\/a>\n\t\t\t\t\t\t\t\t\t<\/li>\n\t\t\t\t\t\t<\/ul>\n\t\t\t\t\t\t<\/div>\n\t\t\t\t<\/div>\n\t\t\t\t<\/div>\n\t\t<div class=\"elementor-element elementor-element-c218fb6 e-con-full e-flex e-con e-child\" data-id=\"c218fb6\" data-element_type=\"container\" data-e-type=\"container\">\n\t\t\t\t<div class=\"elementor-element elementor-element-1775e8a elementor-widget__width-initial elementor-widget elementor-widget-image\" data-id=\"1775e8a\" data-element_type=\"widget\" data-e-type=\"widget\" data-widget_type=\"image.default\">\n\t\t\t\t<div class=\"elementor-widget-container\">\n\t\t\t\t\t\t\t\t\t\t\t\t\t\t\t<img fetchpriority=\"high\" decoding=\"async\" width=\"800\" height=\"800\" src=\"https:\/\/www.comessa.com\/wp-content\/uploads\/2025\/10\/COMESSA-2025-Ecovadis-medal-1024x1024.png\" class=\"attachment-large size-large wp-image-8056\" alt=\"\" srcset=\"https:\/\/www.comessa.com\/wp-content\/uploads\/2025\/10\/COMESSA-2025-Ecovadis-medal-1024x1024.png 1024w, https:\/\/www.comessa.com\/wp-content\/uploads\/2025\/10\/COMESSA-2025-Ecovadis-medal-300x300.png 300w, https:\/\/www.comessa.com\/wp-content\/uploads\/2025\/10\/COMESSA-2025-Ecovadis-medal-150x150.png 150w, https:\/\/www.comessa.com\/wp-content\/uploads\/2025\/10\/COMESSA-2025-Ecovadis-medal-768x768.png 768w, https:\/\/www.comessa.com\/wp-content\/uploads\/2025\/10\/COMESSA-2025-Ecovadis-medal-1536x1536.png 1536w, https:\/\/www.comessa.com\/wp-content\/uploads\/2025\/10\/COMESSA-2025-Ecovadis-medal.png 1080w\" sizes=\"(max-width: 800px) 100vw, 800px\" \/>\t\t\t\t\t\t\t\t\t\t\t\t\t\t\t<\/div>\n\t\t\t\t<\/div>\n\t\t\t\t<div class=\"elementor-element elementor-element-ca519b4 elementor-widget elementor-widget-heading\" data-id=\"ca519b4\" data-element_type=\"widget\" data-e-type=\"widget\" data-widget_type=\"heading.default\">\n\t\t\t\t<div class=\"elementor-widget-container\">\n\t\t\t\t\t<h2 class=\"elementor-heading-title elementor-size-default\">Demandez notre performance RSE<\/h2>\t\t\t\t<\/div>\n\t\t\t\t<\/div>\n\t\t\t\t<div class=\"elementor-element elementor-element-89ad448 elementor-icon-list--layout-inline elementor-list-item-link-full_width elementor-widget elementor-widget-icon-list\" data-id=\"89ad448\" data-element_type=\"widget\" data-e-type=\"widget\" data-widget_type=\"icon-list.default\">\n\t\t\t\t<div class=\"elementor-widget-container\">\n\t\t\t\t\t\t\t<ul class=\"elementor-icon-list-items elementor-inline-items\">\n\t\t\t\t\t\t\t<li class=\"elementor-icon-list-item elementor-inline-item\">\n\t\t\t\t\t\t\t\t\t\t\t<a href=\"https:\/\/www.comessa.com\/telechargements\/\">\n\n\t\t\t\t\t\t\t\t\t\t\t\t<span class=\"elementor-icon-list-icon\">\n\t\t\t\t\t\t\t<svg xmlns=\"http:\/\/www.w3.org\/2000\/svg\" width=\"18\" height=\"18\" viewBox=\"0 0 18 18\" fill=\"none\"><path fill-rule=\"evenodd\" clip-rule=\"evenodd\" d=\"M9 0C9.49706 0 9.9 0.402944 9.9 0.9V9.52721L12.8636 6.5636C13.2151 6.21213 13.7849 6.21213 14.1364 6.5636C14.4879 6.91508 14.4879 7.48492 14.1364 7.8364L9.6364 12.3364C9.28492 12.6879 8.71508 12.6879 8.3636 12.3364L3.8636 7.8364C3.51213 7.48492 3.51213 6.91508 3.8636 6.5636C4.21508 6.21213 4.78492 6.21213 5.1364 6.5636L8.1 9.52721V0.9C8.1 0.402944 8.50294 0 9 0ZM0.9 10.8C1.39706 10.8 1.8 11.2029 1.8 11.7V15.3C1.8 15.5387 1.89482 15.7676 2.0636 15.9364C2.23239 16.1052 2.46131 16.2 2.7 16.2H15.3C15.5387 16.2 15.7676 16.1052 15.9364 15.9364C16.1052 15.7676 16.2 15.5387 16.2 15.3V11.7C16.2 11.2029 16.6029 10.8 17.1 10.8C17.5971 10.8 18 11.2029 18 11.7V15.3C18 16.0161 17.7155 16.7028 17.2092 17.2092C16.7028 17.7155 16.0161 18 15.3 18H2.7C1.98392 18 1.29716 17.7155 0.790812 17.2092C0.284463 16.7028 0 16.0161 0 15.3V11.7C0 11.2029 0.402944 10.8 0.9 10.8Z\" fill=\"#E52321\"><\/path><\/svg>\t\t\t\t\t\t<\/span>\n\t\t\t\t\t\t\t\t\t\t<span class=\"elementor-icon-list-text\">Performance RSE<\/span>\n\t\t\t\t\t\t\t\t\t\t\t<\/a>\n\t\t\t\t\t\t\t\t\t<\/li>\n\t\t\t\t\t\t<\/ul>\n\t\t\t\t\t\t<\/div>\n\t\t\t\t<\/div>\n\t\t\t\t<\/div>\n\t\t\t\t<\/div>\n\t\t\t\t\t<\/div>\n\t\t\t\t<\/div>\n\t\t\t\t<\/div>\n\t\t","protected":false},"excerpt":{"rendered":"<p>comessa,une entreprise certifi\u00e9e COMESSA certifi\u00e9e ISO 9001 COMESSA est certifi\u00e9e aux normes Syst\u00e8me de Management de la Qualit\u00e9, Sant\u00e9 &amp; S\u00e9curit\u00e9, Environnement et de la Responsabilit\u00e9 Soci\u00e9tale, selon les r\u00e9f\u00e9rentiels :&#8211; ISO 9001 : 2015 (Management de la Qualit\u00e9)&#8211; ISO 14001 : 2015 (Management Environnemental)&#8211; ISO 45001 : 2018 (Management de la Sant\u00e9 et de [&hellip;]<\/p>\n","protected":false},"author":1,"featured_media":0,"parent":0,"menu_order":0,"comment_status":"closed","ping_status":"closed","template":"","meta":{"_acf_changed":false,"inline_featured_image":false,"footnotes":""},"class_list":["post-1255","page","type-page","status-publish","hentry"],"acf":[],"_links":{"self":[{"href":"https:\/\/www.comessa.com\/fr\/wp-json\/wp\/v2\/pages\/1255","targetHints":{"allow":["GET"]}}],"collection":[{"href":"https:\/\/www.comessa.com\/fr\/wp-json\/wp\/v2\/pages"}],"about":[{"href":"https:\/\/www.comessa.com\/fr\/wp-json\/wp\/v2\/types\/page"}],"author":[{"embeddable":true,"href":"https:\/\/www.comessa.com\/fr\/wp-json\/wp\/v2\/users\/1"}],"replies":[{"embeddable":true,"href":"https:\/\/www.comessa.com\/fr\/wp-json\/wp\/v2\/comments?post=1255"}],"version-history":[{"count":3,"href":"https:\/\/www.comessa.com\/fr\/wp-json\/wp\/v2\/pages\/1255\/revisions"}],"predecessor-version":[{"id":11366,"href":"https:\/\/www.comessa.com\/fr\/wp-json\/wp\/v2\/pages\/1255\/revisions\/11366"}],"wp:attachment":[{"href":"https:\/\/www.comessa.com\/fr\/wp-json\/wp\/v2\/media?parent=1255"}],"curies":[{"name":"wp","href":"https:\/\/api.w.org\/{rel}","templated":true}]}}