{"id":1259,"date":"2025-03-17T10:11:47","date_gmt":"2025-03-17T09:11:47","guid":{"rendered":"https:\/\/www.comessa.com\/?page_id=1259"},"modified":"2025-11-20T16:29:24","modified_gmt":"2025-11-20T15:29:24","slug":"projets-de-recherche","status":"publish","type":"page","link":"https:\/\/www.comessa.com\/fr\/projets-de-recherche\/","title":{"rendered":"Projets de recherche"},"content":{"rendered":"\t\t<div data-elementor-type=\"wp-page\" data-elementor-id=\"1259\" class=\"elementor elementor-1259\" data-elementor-post-type=\"page\">\n\t\t\t\t<div class=\"elementor-element elementor-element-4a089c39 e-flex e-con-boxed e-con e-parent\" data-id=\"4a089c39\" data-element_type=\"container\" data-e-type=\"container\" data-settings=\"{&quot;background_background&quot;:&quot;slideshow&quot;,&quot;background_slideshow_gallery&quot;:[{&quot;id&quot;:1177,&quot;url&quot;:&quot;https:\\\/\\\/www.comessa.com\\\/wp-content\\\/uploads\\\/2025\\\/03\\\/01_COMESSA-Site-Office-scaled.jpeg&quot;},{&quot;id&quot;:1176,&quot;url&quot;:&quot;https:\\\/\\\/www.comessa.com\\\/wp-content\\\/uploads\\\/2025\\\/03\\\/01_COMESSA-Site-Gnal-view.jpg&quot;},{&quot;id&quot;:1178,&quot;url&quot;:&quot;https:\\\/\\\/www.comessa.com\\\/wp-content\\\/uploads\\\/2025\\\/03\\\/01_COMESSA-Site-with-Test-Center-scaled.jpeg&quot;},{&quot;id&quot;:1578,&quot;url&quot;:&quot;https:\\\/\\\/www.comessa.com\\\/wp-content\\\/uploads\\\/2025\\\/03\\\/01_2021-05-COMESSA_Site-4.jpg&quot;}],&quot;background_slideshow_slide_duration&quot;:6000,&quot;background_slideshow_transition_duration&quot;:800,&quot;background_slideshow_loop&quot;:&quot;yes&quot;,&quot;background_slideshow_slide_transition&quot;:&quot;fade&quot;}\">\n\t\t\t\t\t<div class=\"e-con-inner\">\n\t\t\t\t\t<\/div>\n\t\t\t\t<\/div>\n\t\t<div class=\"elementor-element elementor-element-196f4dff e-flex e-con-boxed e-con e-parent\" data-id=\"196f4dff\" data-element_type=\"container\" data-e-type=\"container\">\n\t\t\t\t\t<div class=\"e-con-inner\">\n\t\t\t\t<div class=\"elementor-element elementor-element-77dccbd6 elementor-widget elementor-widget-breadcrumbs\" data-id=\"77dccbd6\" data-element_type=\"widget\" data-e-type=\"widget\" data-widget_type=\"breadcrumbs.default\">\n\t\t\t\t<div class=\"elementor-widget-container\">\n\t\t\t\t\t<p id=\"breadcrumbs\"><span><span><a href=\"https:\/\/www.comessa.com\/fr\/\"><span class=\"displayfr\">Accueil<\/span><span class=\"displayen\">Home<\/span><\/a><\/span><\/span><\/p>\t\t\t\t<\/div>\n\t\t\t\t<\/div>\n\t\t\t\t\t<\/div>\n\t\t\t\t<\/div>\n\t\t<div class=\"elementor-element elementor-element-b4175ab e-flex e-con-boxed e-con e-parent\" data-id=\"b4175ab\" data-element_type=\"container\" data-e-type=\"container\">\n\t\t\t\t\t<div class=\"e-con-inner\">\n\t\t<div class=\"elementor-element elementor-element-6d7581e5 e-con-full e-flex e-con e-child\" data-id=\"6d7581e5\" data-element_type=\"container\" data-e-type=\"container\">\n\t\t\t\t<div class=\"elementor-element elementor-element-4d1c532a elementor-widget__width-initial elementor-widget elementor-widget-heading\" data-id=\"4d1c532a\" data-element_type=\"widget\" data-e-type=\"widget\" data-widget_type=\"heading.default\">\n\t\t\t\t<div class=\"elementor-widget-container\">\n\t\t\t\t\t<h1 class=\"elementor-heading-title elementor-size-default\">comessa,<br \/>tourn\u00e9e vers l'avenir<\/h1>\t\t\t\t<\/div>\n\t\t\t\t<\/div>\n\t\t\t\t<\/div>\n\t\t<div class=\"elementor-element elementor-element-7d6bddf2 e-con-full e-flex e-con e-child\" data-id=\"7d6bddf2\" data-element_type=\"container\" data-e-type=\"container\">\n\t\t\t\t<div class=\"elementor-element elementor-element-1a673534 elementor-widget elementor-widget-text-editor\" data-id=\"1a673534\" data-element_type=\"widget\" data-e-type=\"widget\" data-widget_type=\"text-editor.default\">\n\t\t\t\t<div class=\"elementor-widget-container\">\n\t\t\t\t\t\t\t\t\t<p><br \/>Depuis plus de 100 ans, COMESSA s\u2019appuie sur un savoir-faire reconnu et une exigence constante de qualit\u00e9 tout en restant fermement tourn\u00e9e vers l\u2019avenir.<br \/><br \/><\/p>\t\t\t\t\t\t\t\t<\/div>\n\t\t\t\t<\/div>\n\t\t\t\t<\/div>\n\t\t\t\t\t<\/div>\n\t\t\t\t<\/div>\n\t\t<div class=\"elementor-element elementor-element-2b5406aa e-flex e-con-boxed e-con e-parent\" data-id=\"2b5406aa\" data-element_type=\"container\" data-e-type=\"container\">\n\t\t\t\t\t<div class=\"e-con-inner\">\n\t\t<div class=\"elementor-element elementor-element-c3f3881 e-con-full e-flex e-con e-child\" data-id=\"c3f3881\" data-element_type=\"container\" data-e-type=\"container\">\n\t\t<div class=\"elementor-element elementor-element-193e4a2 e-con-full e-flex e-con e-child\" data-id=\"193e4a2\" data-element_type=\"container\" data-e-type=\"container\">\n\t\t\t\t<div class=\"elementor-element elementor-element-073221a elementor-widget elementor-widget-heading\" data-id=\"073221a\" data-element_type=\"widget\" data-e-type=\"widget\" data-widget_type=\"heading.default\">\n\t\t\t\t<div class=\"elementor-widget-container\">\n\t\t\t\t\t<h2 class=\"elementor-heading-title elementor-size-default\">Recherche &amp; D\u00e9veloppement - Innover dans la continuit\u00e9<\/h2>\t\t\t\t<\/div>\n\t\t\t\t<\/div>\n\t\t\t\t<\/div>\n\t\t<div class=\"elementor-element elementor-element-35d0fed e-grid e-con-full e-con e-child\" data-id=\"35d0fed\" data-element_type=\"container\" data-e-type=\"container\">\n\t\t\t\t<div class=\"elementor-element elementor-element-672d5b7 elementor-widget elementor-widget-text-editor\" data-id=\"672d5b7\" data-element_type=\"widget\" data-e-type=\"widget\" data-widget_type=\"text-editor.default\">\n\t\t\t\t<div class=\"elementor-widget-container\">\n\t\t\t\t\t\t\t\t\t<p>La <strong>Recherche &amp; D\u00e9veloppement<\/strong> occupe une place centrale dans notre d\u00e9marche : elle nous permet d\u2019am\u00e9liorer sans cesse nos produits, d\u2019optimiser nos proc\u00e9d\u00e9s et d\u2019anticiper les besoins et les d\u00e9fis \u00e0 venir.<\/p><p>Notre participation, au cours de la derni\u00e8re d\u00e9cennie, \u00e0 trois projets de recherche Europ\u00e9en ( Next-CSP, SOLPART et CSP2), constitue un des exemples de cette dynamique.<\/p>\t\t\t\t\t\t\t\t<\/div>\n\t\t\t\t<\/div>\n\t\t\t\t<div class=\"elementor-element elementor-element-1607fd2 elementor-widget elementor-widget-text-editor\" data-id=\"1607fd2\" data-element_type=\"widget\" data-e-type=\"widget\" data-widget_type=\"text-editor.default\">\n\t\t\t\t<div class=\"elementor-widget-container\">\n\t\t\t\t\t\t\t\t\t<p>Notre savoir-faire et nos comp\u00e9tences alli\u00e9s \u00e0 notre station d\u2019essais et \u00e0 nos moyens de conception et calculs innovants nous permettent de proposer \u00e0 nos clients les \u00e9quipements les mieux adapt\u00e9s \u00e0 leur besoin et qui sauront r\u00e9pondre aux exigences les plus pouss\u00e9es en termes de fiabilit\u00e9, de s\u00e9curit\u00e9 ou d\u2019efficacit\u00e9 \u00e9nerg\u00e9tique.<\/p><p><strong>Faire \u00e9voluer nos produits sans jamais renier notre h\u00e9ritage <\/strong>reste notre mot d\u2019ordre.<br \/>Parce qu\u2019innover, c\u2019est aussi faire vivre et prolonger l\u2019exp\u00e9rience et la passion qui nous animent depuis 1920.<br \/><br \/><\/p>\t\t\t\t\t\t\t\t<\/div>\n\t\t\t\t<\/div>\n\t\t\t\t<\/div>\n\t\t\t\t<\/div>\n\t\t<div class=\"elementor-element elementor-element-181fc6ea e-con-full e-flex e-con e-child\" data-id=\"181fc6ea\" data-element_type=\"container\" data-e-type=\"container\">\n\t\t<div class=\"elementor-element elementor-element-77089a6e e-con-full e-flex e-con e-child\" data-id=\"77089a6e\" data-element_type=\"container\" data-e-type=\"container\">\n\t\t\t\t<div class=\"elementor-element elementor-element-2959904 elementor-widget elementor-widget-heading\" data-id=\"2959904\" data-element_type=\"widget\" data-e-type=\"widget\" data-widget_type=\"heading.default\">\n\t\t\t\t<div class=\"elementor-widget-container\">\n\t\t\t\t\t<h2 class=\"elementor-heading-title elementor-size-default\">R&amp;D - COMESSA associ\u00e9e au projet de recherche Europ\u00e9en SOLPART :\u202f <\/h2>\t\t\t\t<\/div>\n\t\t\t\t<\/div>\n\t\t\t\t<div class=\"elementor-element elementor-element-b15cb4a elementor-widget elementor-widget-image\" data-id=\"b15cb4a\" data-element_type=\"widget\" data-e-type=\"widget\" data-widget_type=\"image.default\">\n\t\t\t\t<div class=\"elementor-widget-container\">\n\t\t\t\t\t\t\t\t\t\t\t\t\t\t\t<img fetchpriority=\"high\" decoding=\"async\" width=\"445\" height=\"251\" src=\"https:\/\/www.comessa.com\/wp-content\/uploads\/2025\/06\/12_COMESSA-SOLPART.png\" class=\"attachment-full size-full wp-image-3249\" alt=\"\" srcset=\"https:\/\/www.comessa.com\/wp-content\/uploads\/2025\/06\/12_COMESSA-SOLPART.png 445w, https:\/\/www.comessa.com\/wp-content\/uploads\/2025\/06\/12_COMESSA-SOLPART-300x169.png 300w\" sizes=\"(max-width: 445px) 100vw, 445px\" \/>\t\t\t\t\t\t\t\t\t\t\t\t\t\t\t<\/div>\n\t\t\t\t<\/div>\n\t\t\t\t<div class=\"elementor-element elementor-element-bff7633 elementor-widget elementor-widget-heading\" data-id=\"bff7633\" data-element_type=\"widget\" data-e-type=\"widget\" data-widget_type=\"heading.default\">\n\t\t\t\t<div class=\"elementor-widget-container\">\n\t\t\t\t\t<h3 class=\"elementor-heading-title elementor-size-default\">SOLPART (Agr\u00e9ment Europ\u00e9en\u202fN\u00b0 654663)<br \/>\nR\u00e9acteurs \u00e0 haute temp\u00e9rature \u00e0 chauffage solaire pour la production industrielle de particules r\u00e9actives\u202f: <\/h3>\t\t\t\t<\/div>\n\t\t\t\t<\/div>\n\t\t<div class=\"elementor-element elementor-element-52e61c0 e-con-full e-flex e-con e-child\" data-id=\"52e61c0\" data-element_type=\"container\" data-e-type=\"container\">\n\t\t<div class=\"elementor-element elementor-element-241681c e-con-full e-flex e-con e-child\" data-id=\"241681c\" data-element_type=\"container\" data-e-type=\"container\">\n\t\t\t\t<div class=\"elementor-element elementor-element-0e44f01 elementor-widget elementor-widget-text-editor\" data-id=\"0e44f01\" data-element_type=\"widget\" data-e-type=\"widget\" data-widget_type=\"text-editor.default\">\n\t\t\t\t<div class=\"elementor-widget-container\">\n\t\t\t\t\t\t\t\t\t<p>COMESSA a \u00e9t\u00e9 en charge du design et de la fabrication du pilote qui servira pour l&rsquo;\u00e9tude du CNRS (Centre National de la Recherche Scientifique). Le Projet SOLPART a pour objectif principal de d\u00e9velopper, \u00e0 l&rsquo;\u00e9chelle pilote, un proc\u00e9d\u00e9 solaire \u00e0 haute temp\u00e9rature (800-1000 \u00b0C) 24h \/ jour,\u202f adapt\u00e9 au traitement des particules dans les industries des min\u00e9raux non m\u00e9talliques \u00e0 forte consommation \u00e9nerg\u00e9tique (calcite, phosphate, etc.).<\/p>\t\t\t\t\t\t\t\t<\/div>\n\t\t\t\t<\/div>\n\t\t\t\t<\/div>\n\t\t<div class=\"elementor-element elementor-element-50c7e9b e-con-full e-flex e-con e-child\" data-id=\"50c7e9b\" data-element_type=\"container\" data-e-type=\"container\">\n\t\t\t\t<div class=\"elementor-element elementor-element-f46fb9b elementor-widget elementor-widget-button\" data-id=\"f46fb9b\" data-element_type=\"widget\" data-e-type=\"widget\" data-widget_type=\"button.default\">\n\t\t\t\t<div class=\"elementor-widget-container\">\n\t\t\t\t\t\t\t\t\t<div class=\"elementor-button-wrapper\">\n\t\t\t\t\t<a class=\"elementor-button elementor-button-link elementor-size-sm\" href=\"http:\/\/www.solpart-project.eu\/2020\/01\/24\/video-interview-COMESSA\" target=\"_blank\">\n\t\t\t\t\t\t<span class=\"elementor-button-content-wrapper\">\n\t\t\t\t\t\t\t\t\t<span class=\"elementor-button-text\">En savoir plus<\/span>\n\t\t\t\t\t<\/span>\n\t\t\t\t\t<\/a>\n\t\t\t\t<\/div>\n\t\t\t\t\t\t\t\t<\/div>\n\t\t\t\t<\/div>\n\t\t\t\t<\/div>\n\t\t\t\t<\/div>\n\t\t\t\t<div class=\"elementor-element elementor-element-f6c5616 elementor-widget elementor-widget-image\" data-id=\"f6c5616\" data-element_type=\"widget\" data-e-type=\"widget\" data-widget_type=\"image.default\">\n\t\t\t\t<div class=\"elementor-widget-container\">\n\t\t\t\t\t\t\t\t\t\t\t\t\t\t\t<img decoding=\"async\" width=\"600\" height=\"450\" src=\"https:\/\/www.comessa.com\/wp-content\/uploads\/2025\/06\/COMESSA_SOLPART-Operating-principle-gif.gif\" class=\"attachment-large size-large wp-image-3642\" alt=\"\" \/>\t\t\t\t\t\t\t\t\t\t\t\t\t\t\t<\/div>\n\t\t\t\t<\/div>\n\t\t\t\t<\/div>\n\t\t<div class=\"elementor-element elementor-element-14bf977c e-con-full e-flex e-con e-child\" data-id=\"14bf977c\" data-element_type=\"container\" data-e-type=\"container\">\n\t\t\t\t<div class=\"elementor-element elementor-element-d2578ee elementor-widget elementor-widget-heading\" data-id=\"d2578ee\" data-element_type=\"widget\" data-e-type=\"widget\" data-widget_type=\"heading.default\">\n\t\t\t\t<div class=\"elementor-widget-container\">\n\t\t\t\t\t<h2 class=\"elementor-heading-title elementor-size-default\">R&amp;D \u2013 COMESSA associ\u00e9e au projet de recherche Europ\u00e9en NEXT-CSP :\u202f <\/h2>\t\t\t\t<\/div>\n\t\t\t\t<\/div>\n\t\t\t\t<div class=\"elementor-element elementor-element-c481558 elementor-widget elementor-widget-image\" data-id=\"c481558\" data-element_type=\"widget\" data-e-type=\"widget\" data-widget_type=\"image.default\">\n\t\t\t\t<div class=\"elementor-widget-container\">\n\t\t\t\t\t\t\t\t\t\t\t\t\t\t\t<img decoding=\"async\" width=\"884\" height=\"168\" src=\"https:\/\/www.comessa.com\/wp-content\/uploads\/2025\/06\/12_COMESSA-Next-CSP.jpg\" class=\"attachment-full size-full wp-image-3255\" alt=\"\" srcset=\"https:\/\/www.comessa.com\/wp-content\/uploads\/2025\/06\/12_COMESSA-Next-CSP.jpg 884w, https:\/\/www.comessa.com\/wp-content\/uploads\/2025\/06\/12_COMESSA-Next-CSP-300x57.jpg 300w, https:\/\/www.comessa.com\/wp-content\/uploads\/2025\/06\/12_COMESSA-Next-CSP-768x146.jpg 768w\" sizes=\"(max-width: 884px) 100vw, 884px\" \/>\t\t\t\t\t\t\t\t\t\t\t\t\t\t\t<\/div>\n\t\t\t\t<\/div>\n\t\t\t\t<div class=\"elementor-element elementor-element-8eb04c6 elementor-widget elementor-widget-heading\" data-id=\"8eb04c6\" data-element_type=\"widget\" data-e-type=\"widget\" data-widget_type=\"heading.default\">\n\t\t\t\t<div class=\"elementor-widget-container\">\n\t\t\t\t\t<h3 class=\"elementor-heading-title elementor-size-default\">NEXT-CSP (European Agreement Nb 727762)<br \/>\nCentrale thermique solaire \u00e0 haute temp\u00e9rature avec r\u00e9cepteur de particules et stockage thermique direct :<\/h3>\t\t\t\t<\/div>\n\t\t\t\t<\/div>\n\t\t<div class=\"elementor-element elementor-element-06d2ac5 e-con-full e-flex e-con e-child\" data-id=\"06d2ac5\" data-element_type=\"container\" data-e-type=\"container\">\n\t\t<div class=\"elementor-element elementor-element-0b5974b e-con-full e-flex e-con e-child\" data-id=\"0b5974b\" data-element_type=\"container\" data-e-type=\"container\">\n\t\t\t\t<div class=\"elementor-element elementor-element-24dcfe8 elementor-widget elementor-widget-text-editor\" data-id=\"24dcfe8\" data-element_type=\"widget\" data-e-type=\"widget\" data-widget_type=\"text-editor.default\">\n\t\t\t\t<div class=\"elementor-widget-container\">\n\t\t\t\t\t\t\t\t\t<p>COMESSA est en charge du P&amp;ID (Piping and Instrumentation Diagram) des listes instrumentations\/vannes. COMESSA tient \u00e9galement un r\u00f4le de conseil pour l&rsquo;ing\u00e9nierie en charge du pilote, de par son exp\u00e9rience avec le projet CSP2 (N\u00b0 282932) sur lequel elle avait d\u00e9j\u00e0 travaill\u00e9.<\/p>\t\t\t\t\t\t\t\t<\/div>\n\t\t\t\t<\/div>\n\t\t\t\t<\/div>\n\t\t<div class=\"elementor-element elementor-element-53b892c e-con-full e-flex e-con e-child\" data-id=\"53b892c\" data-element_type=\"container\" data-e-type=\"container\">\n\t\t\t\t<div class=\"elementor-element elementor-element-875994a elementor-widget elementor-widget-button\" data-id=\"875994a\" data-element_type=\"widget\" data-e-type=\"widget\" data-widget_type=\"button.default\">\n\t\t\t\t<div class=\"elementor-widget-container\">\n\t\t\t\t\t\t\t\t\t<div class=\"elementor-button-wrapper\">\n\t\t\t\t\t<a class=\"elementor-button elementor-button-link elementor-size-sm\" href=\"http:\/\/www.next-csp.eu\" target=\"_blank\">\n\t\t\t\t\t\t<span class=\"elementor-button-content-wrapper\">\n\t\t\t\t\t\t\t\t\t<span class=\"elementor-button-text\">En savoir plus<\/span>\n\t\t\t\t\t<\/span>\n\t\t\t\t\t<\/a>\n\t\t\t\t<\/div>\n\t\t\t\t\t\t\t\t<\/div>\n\t\t\t\t<\/div>\n\t\t\t\t<\/div>\n\t\t\t\t<\/div>\n\t\t\t\t<div class=\"elementor-element elementor-element-0a91379 elementor-widget elementor-widget-image\" data-id=\"0a91379\" data-element_type=\"widget\" data-e-type=\"widget\" data-widget_type=\"image.default\">\n\t\t\t\t<div class=\"elementor-widget-container\">\n\t\t\t\t\t\t\t\t\t\t\t\t\t\t\t<img loading=\"lazy\" decoding=\"async\" width=\"600\" height=\"450\" src=\"https:\/\/www.comessa.com\/wp-content\/uploads\/2025\/06\/COMESSA_NEXT-CSP-Operating-principle-gif.gif\" class=\"attachment-large size-large wp-image-3644\" alt=\"\" \/>\t\t\t\t\t\t\t\t\t\t\t\t\t\t\t<\/div>\n\t\t\t\t<\/div>\n\t\t\t\t<\/div>\n\t\t\t\t<\/div>\n\t\t\t\t\t<\/div>\n\t\t\t\t<\/div>\n\t\t\t\t<\/div>\n\t\t","protected":false},"excerpt":{"rendered":"<p>comessa,tourn\u00e9e vers l&rsquo;avenir Depuis plus de 100 ans, COMESSA s\u2019appuie sur un savoir-faire reconnu et une exigence constante de qualit\u00e9 tout en restant fermement tourn\u00e9e vers l\u2019avenir. Recherche &amp; D\u00e9veloppement &#8211; Innover dans la continuit\u00e9 La Recherche &amp; D\u00e9veloppement occupe une place centrale dans notre d\u00e9marche : elle nous permet d\u2019am\u00e9liorer sans cesse nos produits, [&hellip;]<\/p>\n","protected":false},"author":1,"featured_media":0,"parent":0,"menu_order":0,"comment_status":"closed","ping_status":"closed","template":"","meta":{"_acf_changed":false,"inline_featured_image":false,"footnotes":""},"class_list":["post-1259","page","type-page","status-publish","hentry"],"acf":[],"_links":{"self":[{"href":"https:\/\/www.comessa.com\/fr\/wp-json\/wp\/v2\/pages\/1259","targetHints":{"allow":["GET"]}}],"collection":[{"href":"https:\/\/www.comessa.com\/fr\/wp-json\/wp\/v2\/pages"}],"about":[{"href":"https:\/\/www.comessa.com\/fr\/wp-json\/wp\/v2\/types\/page"}],"author":[{"embeddable":true,"href":"https:\/\/www.comessa.com\/fr\/wp-json\/wp\/v2\/users\/1"}],"replies":[{"embeddable":true,"href":"https:\/\/www.comessa.com\/fr\/wp-json\/wp\/v2\/comments?post=1259"}],"version-history":[{"count":3,"href":"https:\/\/www.comessa.com\/fr\/wp-json\/wp\/v2\/pages\/1259\/revisions"}],"predecessor-version":[{"id":11369,"href":"https:\/\/www.comessa.com\/fr\/wp-json\/wp\/v2\/pages\/1259\/revisions\/11369"}],"wp:attachment":[{"href":"https:\/\/www.comessa.com\/fr\/wp-json\/wp\/v2\/media?parent=1259"}],"curies":[{"name":"wp","href":"https:\/\/api.w.org\/{rel}","templated":true}]}}