{"id":1311,"date":"2025-03-17T10:17:01","date_gmt":"2025-03-17T09:17:01","guid":{"rendered":"https:\/\/www.comessa.com\/?page_id=1311"},"modified":"2025-06-30T17:30:38","modified_gmt":"2025-06-30T15:30:38","slug":"telechargements","status":"publish","type":"page","link":"https:\/\/www.comessa.com\/fr\/telechargements\/","title":{"rendered":"T\u00e9l\u00e9chargements"},"content":{"rendered":"\t\t<div data-elementor-type=\"wp-page\" data-elementor-id=\"1311\" class=\"elementor elementor-1311\" data-elementor-post-type=\"page\">\n\t\t\t\t<div class=\"elementor-element elementor-element-766a6f1 e-flex e-con-boxed e-con e-parent\" data-id=\"766a6f1\" data-element_type=\"container\" data-e-type=\"container\" data-settings=\"{&quot;background_background&quot;:&quot;slideshow&quot;,&quot;background_slideshow_gallery&quot;:[{&quot;id&quot;:1177,&quot;url&quot;:&quot;https:\\\/\\\/www.comessa.com\\\/wp-content\\\/uploads\\\/2025\\\/03\\\/01_COMESSA-Site-Office-scaled.jpeg&quot;},{&quot;id&quot;:1176,&quot;url&quot;:&quot;https:\\\/\\\/www.comessa.com\\\/wp-content\\\/uploads\\\/2025\\\/03\\\/01_COMESSA-Site-Gnal-view.jpg&quot;},{&quot;id&quot;:1178,&quot;url&quot;:&quot;https:\\\/\\\/www.comessa.com\\\/wp-content\\\/uploads\\\/2025\\\/03\\\/01_COMESSA-Site-with-Test-Center-scaled.jpeg&quot;},{&quot;id&quot;:1578,&quot;url&quot;:&quot;https:\\\/\\\/www.comessa.com\\\/wp-content\\\/uploads\\\/2025\\\/03\\\/01_2021-05-COMESSA_Site-4.jpg&quot;}],&quot;background_slideshow_slide_duration&quot;:6000,&quot;background_slideshow_transition_duration&quot;:800,&quot;background_slideshow_loop&quot;:&quot;yes&quot;,&quot;background_slideshow_slide_transition&quot;:&quot;fade&quot;}\">\n\t\t\t\t\t<div class=\"e-con-inner\">\n\t\t\t\t\t<\/div>\n\t\t\t\t<\/div>\n\t\t<div class=\"elementor-element elementor-element-73c61220 e-flex e-con-boxed e-con e-parent\" data-id=\"73c61220\" data-element_type=\"container\" data-e-type=\"container\">\n\t\t\t\t\t<div class=\"e-con-inner\">\n\t\t\t\t<div class=\"elementor-element elementor-element-22f921e elementor-widget elementor-widget-breadcrumbs\" data-id=\"22f921e\" data-element_type=\"widget\" data-e-type=\"widget\" data-widget_type=\"breadcrumbs.default\">\n\t\t\t\t<div class=\"elementor-widget-container\">\n\t\t\t\t\t<p id=\"breadcrumbs\"><span><span><a href=\"https:\/\/www.comessa.com\/fr\/\"><span class=\"displayfr\">Accueil<\/span><span class=\"displayen\">Home<\/span><\/a><\/span><\/span><\/p>\t\t\t\t<\/div>\n\t\t\t\t<\/div>\n\t\t\t\t\t<\/div>\n\t\t\t\t<\/div>\n\t\t<div class=\"elementor-element elementor-element-21151be1 e-flex e-con-boxed e-con e-parent\" data-id=\"21151be1\" data-element_type=\"container\" data-e-type=\"container\">\n\t\t\t\t\t<div class=\"e-con-inner\">\n\t\t<div class=\"elementor-element elementor-element-1adeffbf e-con-full e-flex e-con e-child\" data-id=\"1adeffbf\" data-element_type=\"container\" data-e-type=\"container\">\n\t\t\t\t<div class=\"elementor-element elementor-element-49a95d5 elementor-widget elementor-widget-heading\" data-id=\"49a95d5\" data-element_type=\"widget\" data-e-type=\"widget\" data-widget_type=\"heading.default\">\n\t\t\t\t<div class=\"elementor-widget-container\">\n\t\t\t\t\t<h1 class=\"elementor-heading-title elementor-size-default\">T\u00e9l\u00e9chargements<\/h1>\t\t\t\t<\/div>\n\t\t\t\t<\/div>\n\t\t\t\t<\/div>\n\t\t<div class=\"elementor-element elementor-element-7751e83b e-con-full e-flex e-con e-child\" data-id=\"7751e83b\" data-element_type=\"container\" data-e-type=\"container\">\n\t\t\t\t<div class=\"elementor-element elementor-element-038924b elementor-widget elementor-widget-oci_downloads\" data-id=\"038924b\" data-element_type=\"widget\" data-e-type=\"widget\" data-widget_type=\"oci_downloads.default\">\n\t\t\t\t<div class=\"elementor-widget-container\">\n\t\t\t\t\t<form id=\"oci-downloads-form\" class=\"oci-downloads-form\" style=\"max-width:700px;\"><label style=\"font-weight:bold;\">S\u00e9lectionnez les fichiers :<\/label><br \/><link rel=\"stylesheet\" href=\"https:\/\/www.comessa.com\/wp-content\/plugins\/oci-downloads\/oci-downloads.css\" \/><div class=\"oci-downloads-files-list\" style=\"margin-bottom:15px;\"><label style=\"display:block;margin-bottom:5px;\"><input type=\"checkbox\" name=\"files[]\" value=\"9775\" style=\"margin-right:8px;\" \/>Brochure &#8211; FR (.pdf)<\/label><label style=\"display:block;margin-bottom:5px;\"><input type=\"checkbox\" name=\"files[]\" value=\"3578\" style=\"margin-right:8px;\" \/>Eqpt sheet &#8211; Vibrating Fluid Beds &#8211; EN (.pdf)<\/label><label style=\"display:block;margin-bottom:5px;\"><input type=\"checkbox\" name=\"files[]\" value=\"3576\" style=\"margin-right:8px;\" \/>Eqpt sheet &#8211; Static Fluid Beds &#8211; EN (.pdf)<\/label><label style=\"display:block;margin-bottom:5px;\"><input type=\"checkbox\" name=\"files[]\" value=\"3574\" style=\"margin-right:8px;\" \/>Eqpt sheet &#8211; Rotary Tubes &#8211; EN (.pdf)<\/label><label style=\"display:block;margin-bottom:5px;\"><input type=\"checkbox\" name=\"files[]\" value=\"3572\" style=\"margin-right:8px;\" \/>Eqpt sheet &#8211; High Temperature &#8211; EN (.pdf)<\/label><label style=\"display:block;margin-bottom:5px;\"><input type=\"checkbox\" name=\"files[]\" value=\"3570\" style=\"margin-right:8px;\" \/>Eqpt sheet &#8211; Flash Dryers &#8211; EN (.pdf)<\/label><label style=\"display:block;margin-bottom:5px;\"><input type=\"checkbox\" name=\"files[]\" value=\"3568\" style=\"margin-right:8px;\" \/>Eqpt sheet &#8211; Band Dryers &#8211; EN (.pdf)<\/label><label style=\"display:block;margin-bottom:5px;\"><input type=\"checkbox\" name=\"files[]\" value=\"3582\" style=\"margin-right:8px;\" \/>Questionnaire Client &#8211; FR (.xlsx)<\/label><label style=\"display:block;margin-bottom:5px;\"><input type=\"checkbox\" name=\"files[]\" value=\"3242\" style=\"margin-right:8px;\" \/>Certificat ISO 9001, 14001, 45001, 20000 &#8211; FR (.pdf)<\/label><label style=\"display:block;margin-bottom:5px;\"><input type=\"checkbox\" name=\"files[]\" value=\"3240\" style=\"margin-right:8px;\" \/>Attestation SA 8000 &#8211; FR (.pdf)<\/label><label style=\"display:block;margin-bottom:5px;\"><input type=\"checkbox\" name=\"files[]\" value=\"3238\" style=\"margin-right:8px;\" \/>Attestation ISO 26000 &#8211; FR (.pdf)<\/label><label style=\"display:block;margin-bottom:5px;\"><input type=\"checkbox\" name=\"files[]\" value=\"4829\" style=\"margin-right:8px;\" \/>Politique de Direction &#8211; Mai 2025- FR (.pdf)<\/label><label style=\"display:block;margin-bottom:5px;\"><input type=\"checkbox\" name=\"files[]\" value=\"8265\" style=\"margin-right:8px;\" \/>Performance RSE &#8211; Sept. 2025-2026_FR (.pdf)<\/label><\/div><div class=\"oci-downloads-row\" style=\"display:flex;align-items:flex-end;gap:20px;margin-bottom:15px;\"><div style=\"flex:1;\"><label>Soci\u00e9t\u00e9 :<\/label><br \/><input type=\"text\" name=\"societe\" required style=\"min-width:180px;width:100%;\" \/><\/div><div style=\"flex:1;\"><label>Nom et pr\u00e9nom :<\/label><br \/><input type=\"text\" name=\"nom\" style=\"min-width:180px;width:100%;\" \/><\/div><\/div><div class=\"oci-downloads-row\" style=\"display:flex;align-items:flex-end;gap:20px;margin-bottom:15px;\"><div style=\"flex:1;\"><label>Pays :<\/label><br \/><input type=\"text\" name=\"pays\" style=\"min-width:120px;width:100%;\" \/><\/div><div style=\"flex:1;\"><label>E-mail :<\/label><br \/><input type=\"email\" name=\"email\" required style=\"min-width:120px;width:100%;\" \/><\/div><div style=\"flex:1;\"><label>Captcha : 7 + 6 = ?<\/label><br \/><input type=\"number\" name=\"captcha\" required style=\"width:80px;display:inline-block;\" \/><input type=\"hidden\" name=\"captcha_sum\" value=\"13\" \/><\/div><\/div><div style=\"display:none\"><input type=\"text\" name=\"website\" autocomplete=\"off\" tabindex=\"-1\"><\/div><button type=\"submit\" style=\"margin-top:10px;\">Envoyer la demande<\/button><\/form><div class=\"oci-downloads-message\"><\/div><script type=\"text\/javascript\">window.ociDownloadsMsg = {\"success\":\"Message envoy\\u00e9\",\"error\":\"Erreur\",\"invalid\":\"Champs invalides\",\"captcha\":\"Captcha incorrect\",\"honeypot\":\"Captcha incorrect\",\"already\":\"Message d\\u00e9j\\u00e0 trait\\u00e9\"};<\/script>        <script>\r\n        jQuery(function($){\r\n            var $form = $('#oci-downloads-form');\r\n            var $submitBtn = $form.find('button[type=\"submit\"]');\r\n            $form.on('submit', function(e){\r\n                e.preventDefault();\r\n                if ($submitBtn.prop('disabled')) return; \/\/ Emp\u00eache double clic\r\n                $submitBtn.prop('disabled', true);\r\n                var data = $form.serializeArray();\r\n                data.push({name:'action',value:'oci_downloads_send'});\r\n                data.push({name:'nonce',value:ociDownloads.nonce});\r\n                var msgBox = $form.next('.oci-downloads-message');\r\n                msgBox.text('');\r\n                $.post(ociDownloads.ajaxurl, data, function(resp){\r\n                    if(resp.success){\r\n                        msgBox.text(window.ociDownloadsMsg.success || 'Succ\u00e8s');\r\n                        $form[0].reset();\r\n                    } else {\r\n                        msgBox.text(resp.data || window.ociDownloadsMsg.error || 'Erreur');\r\n                    }\r\n                    $submitBtn.prop('disabled', false);\r\n                });\r\n            });\r\n        });\r\n        <\/script>\r\n        \t\t\t\t<\/div>\n\t\t\t\t<\/div>\n\t\t\t\t<\/div>\n\t\t\t\t\t<\/div>\n\t\t\t\t<\/div>\n\t\t\t\t<\/div>\n\t\t","protected":false},"excerpt":{"rendered":"<p>T\u00e9l\u00e9chargements S\u00e9lectionnez les fichiers :Questionnaire Client &#8211; FR (.xlsx)Eqpt sheet &#8211; Vibrating Fluid Beds &#8211; EN (.pdf)Eqpt sheet &#8211; Static Fluid Beds &#8211; EN (.pdf)Eqpt sheet &#8211; Rotary Tubes &#8211; EN (.pdf)Eqpt sheet &#8211; High Temperature &#8211; EN (.pdf)Eqpt sheet &#8211; Flash Dryers &#8211; EN (.pdf)Eqpt sheet &#8211; Band Dryers &#8211; EN (.pdf)Certificat ISO 9001, [&hellip;]<\/p>\n","protected":false},"author":1,"featured_media":0,"parent":0,"menu_order":0,"comment_status":"closed","ping_status":"closed","template":"","meta":{"_acf_changed":false,"inline_featured_image":false,"footnotes":""},"class_list":["post-1311","page","type-page","status-publish","hentry"],"acf":[],"_links":{"self":[{"href":"https:\/\/www.comessa.com\/fr\/wp-json\/wp\/v2\/pages\/1311","targetHints":{"allow":["GET"]}}],"collection":[{"href":"https:\/\/www.comessa.com\/fr\/wp-json\/wp\/v2\/pages"}],"about":[{"href":"https:\/\/www.comessa.com\/fr\/wp-json\/wp\/v2\/types\/page"}],"author":[{"embeddable":true,"href":"https:\/\/www.comessa.com\/fr\/wp-json\/wp\/v2\/users\/1"}],"replies":[{"embeddable":true,"href":"https:\/\/www.comessa.com\/fr\/wp-json\/wp\/v2\/comments?post=1311"}],"version-history":[{"count":0,"href":"https:\/\/www.comessa.com\/fr\/wp-json\/wp\/v2\/pages\/1311\/revisions"}],"wp:attachment":[{"href":"https:\/\/www.comessa.com\/fr\/wp-json\/wp\/v2\/media?parent=1311"}],"curies":[{"name":"wp","href":"https:\/\/api.w.org\/{rel}","templated":true}]}}