{"id":3849,"date":"2025-06-26T11:29:46","date_gmt":"2025-06-26T09:29:46","guid":{"rendered":"https:\/\/www.comessa.com\/?page_id=3849"},"modified":"2025-11-20T14:29:45","modified_gmt":"2025-11-20T13:29:45","slug":"politique-rse","status":"publish","type":"page","link":"https:\/\/www.comessa.com\/fr\/politique-rse\/","title":{"rendered":"Politique RSE"},"content":{"rendered":"\t\t<div data-elementor-type=\"wp-page\" data-elementor-id=\"3849\" class=\"elementor elementor-3849\" data-elementor-post-type=\"page\">\n\t\t\t\t<div class=\"elementor-element elementor-element-7f77cff e-flex e-con-boxed e-con e-parent\" data-id=\"7f77cff\" data-element_type=\"container\" data-e-type=\"container\" data-settings=\"{&quot;background_background&quot;:&quot;slideshow&quot;,&quot;background_slideshow_gallery&quot;:[{&quot;id&quot;:1177,&quot;url&quot;:&quot;https:\\\/\\\/www.comessa.com\\\/wp-content\\\/uploads\\\/2025\\\/03\\\/01_COMESSA-Site-Office-scaled.jpeg&quot;},{&quot;id&quot;:1176,&quot;url&quot;:&quot;https:\\\/\\\/www.comessa.com\\\/wp-content\\\/uploads\\\/2025\\\/03\\\/01_COMESSA-Site-Gnal-view.jpg&quot;},{&quot;id&quot;:1178,&quot;url&quot;:&quot;https:\\\/\\\/www.comessa.com\\\/wp-content\\\/uploads\\\/2025\\\/03\\\/01_COMESSA-Site-with-Test-Center-scaled.jpeg&quot;},{&quot;id&quot;:1578,&quot;url&quot;:&quot;https:\\\/\\\/www.comessa.com\\\/wp-content\\\/uploads\\\/2025\\\/03\\\/01_2021-05-COMESSA_Site-4.jpg&quot;}],&quot;background_slideshow_slide_duration&quot;:6000,&quot;background_slideshow_transition_duration&quot;:800,&quot;background_slideshow_loop&quot;:&quot;yes&quot;,&quot;background_slideshow_slide_transition&quot;:&quot;fade&quot;}\">\n\t\t\t\t\t<div class=\"e-con-inner\">\n\t\t\t\t\t<\/div>\n\t\t\t\t<\/div>\n\t\t<div class=\"elementor-element elementor-element-beffe8e e-flex e-con-boxed e-con e-parent\" data-id=\"beffe8e\" data-element_type=\"container\" data-e-type=\"container\">\n\t\t\t\t\t<div class=\"e-con-inner\">\n\t\t\t\t<div class=\"elementor-element elementor-element-2b7f460 elementor-widget elementor-widget-breadcrumbs\" data-id=\"2b7f460\" data-element_type=\"widget\" data-e-type=\"widget\" data-widget_type=\"breadcrumbs.default\">\n\t\t\t\t<div class=\"elementor-widget-container\">\n\t\t\t\t\t<p id=\"breadcrumbs\"><span><span><a href=\"https:\/\/www.comessa.com\/fr\/\"><span class=\"displayfr\">Accueil<\/span><span class=\"displayen\">Home<\/span><\/a><\/span><\/span><\/p>\t\t\t\t<\/div>\n\t\t\t\t<\/div>\n\t\t\t\t\t<\/div>\n\t\t\t\t<\/div>\n\t\t<div class=\"elementor-element elementor-element-5019856 e-flex e-con-boxed e-con e-parent\" data-id=\"5019856\" data-element_type=\"container\" data-e-type=\"container\">\n\t\t\t\t\t<div class=\"e-con-inner\">\n\t\t<div class=\"elementor-element elementor-element-50139d9 e-con-full e-flex e-con e-child\" data-id=\"50139d9\" data-element_type=\"container\" data-e-type=\"container\">\n\t\t\t\t<div class=\"elementor-element elementor-element-54d074a elementor-widget elementor-widget-heading\" data-id=\"54d074a\" data-element_type=\"widget\" data-e-type=\"widget\" data-widget_type=\"heading.default\">\n\t\t\t\t<div class=\"elementor-widget-container\">\n\t\t\t\t\t<h1 class=\"elementor-heading-title elementor-size-default\">comessa,<br \/>une entreprise<br \/>humaine et engag\u00e9e<\/h1>\t\t\t\t<\/div>\n\t\t\t\t<\/div>\n\t\t\t\t<\/div>\n\t\t<div class=\"elementor-element elementor-element-497e669 e-con-full e-flex e-con e-child\" data-id=\"497e669\" data-element_type=\"container\" data-e-type=\"container\">\n\t\t\t\t<div class=\"elementor-element elementor-element-3776cc5 elementor-widget elementor-widget-text-editor\" data-id=\"3776cc5\" data-element_type=\"widget\" data-e-type=\"widget\" data-widget_type=\"text-editor.default\">\n\t\t\t\t<div class=\"elementor-widget-container\">\n\t\t\t\t\t\t\t\t\t<p>Notre entreprise \u00e0 taille humaine favorise la proximit\u00e9, la r\u00e9activit\u00e9 et l\u2019esprit d\u2019\u00e9quipe. <br \/>En pla\u00e7ant l\u2019humain au c\u0153ur de notre activit\u00e9 nous faisons de la <strong>s\u00e9curit\u00e9, la formation et le bien-\u00eatre<\/strong> de nos collaborateurs, les fondamentaux de notre culture d\u2019entreprise.<\/p>\t\t\t\t\t\t\t\t<\/div>\n\t\t\t\t<\/div>\n\t\t\t\t<\/div>\n\t\t\t\t\t<\/div>\n\t\t\t\t<\/div>\n\t\t<div class=\"elementor-element elementor-element-37b932e e-flex e-con-boxed e-con e-parent\" data-id=\"37b932e\" data-element_type=\"container\" data-e-type=\"container\">\n\t\t\t\t\t<div class=\"e-con-inner\">\n\t\t<div class=\"elementor-element elementor-element-d61b25b e-con-full e-flex e-con e-child\" data-id=\"d61b25b\" data-element_type=\"container\" data-e-type=\"container\">\n\t\t\t\t<div class=\"elementor-element elementor-element-48b894d elementor-widget elementor-widget-heading\" data-id=\"48b894d\" data-element_type=\"widget\" data-e-type=\"widget\" data-widget_type=\"heading.default\">\n\t\t\t\t<div class=\"elementor-widget-container\">\n\t\t\t\t\t<h2 class=\"elementor-heading-title elementor-size-default\">Notre engagement rse<\/h2>\t\t\t\t<\/div>\n\t\t\t\t<\/div>\n\t\t\t\t<\/div>\n\t\t<div class=\"elementor-element elementor-element-1854884 e-grid e-con-full e-con e-child\" data-id=\"1854884\" data-element_type=\"container\" data-e-type=\"container\">\n\t\t\t\t<div class=\"elementor-element elementor-element-ff8b170 elementor-widget elementor-widget-text-editor\" data-id=\"ff8b170\" data-element_type=\"widget\" data-e-type=\"widget\" data-widget_type=\"text-editor.default\">\n\t\t\t\t<div class=\"elementor-widget-container\">\n\t\t\t\t\t\t\t\t\t<p>Pour COMESSA, entreprise fran\u00e7aise \u00e0 taille humaine, la <strong>responsabilit\u00e9 soci\u00e9tale et environnementale<\/strong> est au c\u0153ur de son d\u00e9veloppement et de son activit\u00e9.<\/p><p>Nos \u00e9quipements sont con\u00e7us et r\u00e9alis\u00e9s pour \u00eatre performants et durables, en ayant \u00e0 c\u0153ur d\u2019int\u00e9grer l\u2019efficacit\u00e9 \u00e9nerg\u00e9tique d\u00e8s la phase de d\u00e9veloppement. Cette d\u00e9marche nous permet d\u2019accompagner nos clients dans leur propre transition vers une industrie plus responsable.<\/p>\t\t\t\t\t\t\t\t<\/div>\n\t\t\t\t<\/div>\n\t\t\t\t<div class=\"elementor-element elementor-element-56f3d8f elementor-widget elementor-widget-text-editor\" data-id=\"56f3d8f\" data-element_type=\"widget\" data-e-type=\"widget\" data-widget_type=\"text-editor.default\">\n\t\t\t\t<div class=\"elementor-widget-container\">\n\t\t\t\t\t\t\t\t\t<p>En nous appuyant sur notre station d\u2019essais, nous d\u00e9veloppons des solutions techniques fiables pour le recyclage des produits et mat\u00e9riaux, nous nous engageons avec nos clients dans une d\u00e9marche de d\u00e9veloppement durable.<\/p><p>La r\u00e9duction de notre empreinte carbone, l&rsquo;optimisation \u00e9nerg\u00e9tique de nos b\u00e2timents, la valorisation des d\u00e9chets, la recherche de partenaires responsables&#8230; chaque action compte pour construire une croissance plus respectueuse de l\u2019environnement.<\/p>\t\t\t\t\t\t\t\t<\/div>\n\t\t\t\t<\/div>\n\t\t\t\t<\/div>\n\t\t<div class=\"elementor-element elementor-element-877c92c e-con-full e-flex e-con e-child\" data-id=\"877c92c\" data-element_type=\"container\" data-e-type=\"container\">\n\t\t\t\t<div class=\"elementor-element elementor-element-75a3d43 elementor-widget elementor-widget-heading\" data-id=\"75a3d43\" data-element_type=\"widget\" data-e-type=\"widget\" data-widget_type=\"heading.default\">\n\t\t\t\t<div class=\"elementor-widget-container\">\n\t\t\t\t\t<h2 class=\"elementor-heading-title elementor-size-default\">Comessa s\u2019engage pour une performance industrielle durable, au service de ses clients, de ses \u00e9quipes et de la plan\u00e8te<\/h2>\t\t\t\t<\/div>\n\t\t\t\t<\/div>\n\t\t\t\t<\/div>\n\t\t<div class=\"elementor-element elementor-element-27d9e42 e-con-full e-flex e-con e-child\" data-id=\"27d9e42\" data-element_type=\"container\" data-e-type=\"container\">\n\t\t<div class=\"elementor-element elementor-element-4aff22e e-con-full e-flex e-con e-child\" data-id=\"4aff22e\" data-element_type=\"container\" data-e-type=\"container\">\n\t\t\t\t<div class=\"elementor-element elementor-element-881d23c elementor-widget__width-initial elementor-widget elementor-widget-image\" data-id=\"881d23c\" data-element_type=\"widget\" data-e-type=\"widget\" data-widget_type=\"image.default\">\n\t\t\t\t<div class=\"elementor-widget-container\">\n\t\t\t\t\t\t\t\t\t\t\t\t\t\t\t<img fetchpriority=\"high\" decoding=\"async\" width=\"300\" height=\"300\" src=\"https:\/\/www.comessa.com\/wp-content\/uploads\/2025\/09\/COMESSA-EcoVadis-Sustainability-rating-2025-300x300.png\" class=\"attachment-medium size-medium wp-image-6731\" alt=\"\" srcset=\"https:\/\/www.comessa.com\/wp-content\/uploads\/2025\/09\/COMESSA-EcoVadis-Sustainability-rating-2025-300x300.png 300w, https:\/\/www.comessa.com\/wp-content\/uploads\/2025\/09\/COMESSA-EcoVadis-Sustainability-rating-2025-1024x1024.png 1024w, https:\/\/www.comessa.com\/wp-content\/uploads\/2025\/09\/COMESSA-EcoVadis-Sustainability-rating-2025-150x150.png 150w, https:\/\/www.comessa.com\/wp-content\/uploads\/2025\/09\/COMESSA-EcoVadis-Sustainability-rating-2025-768x768.png 768w, https:\/\/www.comessa.com\/wp-content\/uploads\/2025\/09\/COMESSA-EcoVadis-Sustainability-rating-2025-1536x1536.png 1536w, https:\/\/www.comessa.com\/wp-content\/uploads\/2025\/09\/elementor\/thumbs\/COMESSA-EcoVadis-Sustainability-rating-2025-rc9zgfc4g8bq5ndt3ggwtsvunkjkknmsmezvswo5cg.png 1000w, https:\/\/www.comessa.com\/wp-content\/uploads\/2025\/09\/elementor\/thumbs\/COMESSA-EcoVadis-Sustainability-rating-2025-rc9zgfbycydk3ml50w529eo1gvhf9vk77g211wa16w.png 500w, https:\/\/www.comessa.com\/wp-content\/uploads\/2025\/09\/COMESSA-EcoVadis-Sustainability-rating-2025.png 1080w\" sizes=\"(max-width: 300px) 100vw, 300px\" \/>\t\t\t\t\t\t\t\t\t\t\t\t\t\t\t<\/div>\n\t\t\t\t<\/div>\n\t\t\t\t<\/div>\n\t\t<div class=\"elementor-element elementor-element-e5beea4 e-con-full e-flex e-con e-child\" data-id=\"e5beea4\" data-element_type=\"container\" data-e-type=\"container\">\n\t\t\t\t<div class=\"elementor-element elementor-element-2ad3e08 elementor-widget elementor-widget-text-editor\" data-id=\"2ad3e08\" data-element_type=\"widget\" data-e-type=\"widget\" data-widget_type=\"text-editor.default\">\n\t\t\t\t<div class=\"elementor-widget-container\">\n\t\t\t\t\t\t\t\t\t<p>Nos actions ont par ailleurs \u00e9t\u00e9 r\u00e9compens\u00e9es par l\u2019obtention pour la 5<sup>\u00e8me<\/sup> ann\u00e9e cons\u00e9cutive du label Ecovadis Silver avec un score de 70\/100.<\/p>\t\t\t\t\t\t\t\t<\/div>\n\t\t\t\t<\/div>\n\t\t\t\t<\/div>\n\t\t\t\t<\/div>\n\t\t<div class=\"elementor-element elementor-element-fed78fb e-con-full e-flex e-con e-child\" data-id=\"fed78fb\" data-element_type=\"container\" data-e-type=\"container\">\n\t\t\t\t<\/div>\n\t\t<div class=\"elementor-element elementor-element-de82d31 e-con-full e-flex e-con e-child\" data-id=\"de82d31\" data-element_type=\"container\" data-e-type=\"container\">\n\t\t\t\t<div class=\"elementor-element elementor-element-fba1188 elementor-widget elementor-widget-heading\" data-id=\"fba1188\" data-element_type=\"widget\" data-e-type=\"widget\" data-widget_type=\"heading.default\">\n\t\t\t\t<div class=\"elementor-widget-container\">\n\t\t\t\t\t<h2 class=\"elementor-heading-title elementor-size-default\">Certification ISO 9001 &amp; attestations soci\u00e9tales<\/h2>\t\t\t\t<\/div>\n\t\t\t\t<\/div>\n\t\t\t\t<\/div>\n\t\t<div class=\"elementor-element elementor-element-4c76757 e-con-full e-flex e-con e-child\" data-id=\"4c76757\" data-element_type=\"container\" data-e-type=\"container\">\n\t\t<div class=\"elementor-element elementor-element-74b776f e-con-full e-flex e-con e-child\" data-id=\"74b776f\" data-element_type=\"container\" data-e-type=\"container\">\n\t\t\t\t<div class=\"elementor-element elementor-element-59188ec elementor-widget elementor-widget-image\" data-id=\"59188ec\" data-element_type=\"widget\" data-e-type=\"widget\" data-widget_type=\"image.default\">\n\t\t\t\t<div class=\"elementor-widget-container\">\n\t\t\t\t\t\t\t\t\t\t\t\t\t\t\t<img decoding=\"async\" width=\"362\" height=\"302\" src=\"https:\/\/www.comessa.com\/wp-content\/uploads\/2025\/06\/Certificats.jpg\" class=\"attachment-large size-large wp-image-3653\" alt=\"\" srcset=\"https:\/\/www.comessa.com\/wp-content\/uploads\/2025\/06\/Certificats.jpg 362w, https:\/\/www.comessa.com\/wp-content\/uploads\/2025\/06\/Certificats-300x250.jpg 300w\" sizes=\"(max-width: 362px) 100vw, 362px\" \/>\t\t\t\t\t\t\t\t\t\t\t\t\t\t\t<\/div>\n\t\t\t\t<\/div>\n\t\t\t\t<\/div>\n\t\t<div class=\"elementor-element elementor-element-e4a1139 e-con-full e-flex e-con e-child\" data-id=\"e4a1139\" data-element_type=\"container\" data-e-type=\"container\">\n\t\t\t\t<div class=\"elementor-element elementor-element-ffc2608 elementor-widget elementor-widget-text-editor\" data-id=\"ffc2608\" data-element_type=\"widget\" data-e-type=\"widget\" data-widget_type=\"text-editor.default\">\n\t\t\t\t<div class=\"elementor-widget-container\">\n\t\t\t\t\t\t\t\t\t<p>COMESSA est certifi\u00e9e\u00a0aux normes Syst\u00e8me de Management de la Qualit\u00e9, Sant\u00e9 &amp; S\u00e9curit\u00e9, Environnement et de la Responsabilit\u00e9 Soci\u00e9tale, selon les r\u00e9f\u00e9rentiels :<br \/>&#8211; ISO 9001 : 2015 (Management de la Qualit\u00e9)<br \/><strong>&#8211; ISO 14001 : 2015 (Management Environnemental)<\/strong><br \/>&#8211; ISO 45001 : 2018 (Management de la Sant\u00e9 et de la S\u00e9curit\u00e9)<br \/>&#8211; ISO 20000 : 2011 (Management des Technologies de l&rsquo;Information)<br \/><strong>&#8211; ISO 26000 : 2010 (Responsabilit\u00e9 Soci\u00e9tale)<\/strong><br \/><strong>&#8211; SA 8000 : 2008 (Responsabilit\u00e9 Soci\u00e9tale et D\u00e9veloppement Durable)<\/strong><\/p>\t\t\t\t\t\t\t\t<\/div>\n\t\t\t\t<\/div>\n\t\t\t\t<\/div>\n\t\t\t\t<\/div>\n\t\t\t\t\t<\/div>\n\t\t\t\t<\/div>\n\t\t<div class=\"elementor-element elementor-element-32a43c3 e-flex e-con-boxed e-con e-parent\" data-id=\"32a43c3\" data-element_type=\"container\" data-e-type=\"container\" data-settings=\"{&quot;background_background&quot;:&quot;classic&quot;}\">\n\t\t\t\t\t<div class=\"e-con-inner\">\n\t\t<div class=\"elementor-element elementor-element-d800c1e e-con-full e-flex e-con e-child\" data-id=\"d800c1e\" data-element_type=\"container\" data-e-type=\"container\">\n\t\t\t\t<div class=\"elementor-element elementor-element-5dda923 elementor-widget elementor-widget-image\" data-id=\"5dda923\" data-element_type=\"widget\" data-e-type=\"widget\" data-widget_type=\"image.default\">\n\t\t\t\t<div class=\"elementor-widget-container\">\n\t\t\t\t\t\t\t\t\t\t\t\t\t\t\t<img decoding=\"async\" width=\"184\" height=\"182\" src=\"https:\/\/www.comessa.com\/wp-content\/uploads\/2025\/11\/ISO-logo-sans-fond.png\" class=\"attachment-large size-large wp-image-11339\" alt=\"\" \/>\t\t\t\t\t\t\t\t\t\t\t\t\t\t\t<\/div>\n\t\t\t\t<\/div>\n\t\t\t\t<div class=\"elementor-element elementor-element-1b38c1d elementor-widget elementor-widget-image\" data-id=\"1b38c1d\" data-element_type=\"widget\" data-e-type=\"widget\" data-widget_type=\"image.default\">\n\t\t\t\t<div class=\"elementor-widget-container\">\n\t\t\t\t\t\t\t\t\t\t\t\t\t\t\t<img loading=\"lazy\" decoding=\"async\" width=\"800\" height=\"800\" src=\"https:\/\/www.comessa.com\/wp-content\/uploads\/2025\/10\/COMESSA-2025-Ecovadis-medal-1024x1024.png\" class=\"attachment-large size-large wp-image-8056\" alt=\"\" srcset=\"https:\/\/www.comessa.com\/wp-content\/uploads\/2025\/10\/COMESSA-2025-Ecovadis-medal-1024x1024.png 1024w, https:\/\/www.comessa.com\/wp-content\/uploads\/2025\/10\/COMESSA-2025-Ecovadis-medal-300x300.png 300w, https:\/\/www.comessa.com\/wp-content\/uploads\/2025\/10\/COMESSA-2025-Ecovadis-medal-150x150.png 150w, https:\/\/www.comessa.com\/wp-content\/uploads\/2025\/10\/COMESSA-2025-Ecovadis-medal-768x768.png 768w, https:\/\/www.comessa.com\/wp-content\/uploads\/2025\/10\/COMESSA-2025-Ecovadis-medal-1536x1536.png 1536w, https:\/\/www.comessa.com\/wp-content\/uploads\/2025\/10\/COMESSA-2025-Ecovadis-medal.png 1080w\" sizes=\"(max-width: 800px) 100vw, 800px\" \/>\t\t\t\t\t\t\t\t\t\t\t\t\t\t\t<\/div>\n\t\t\t\t<\/div>\n\t\t\t\t<\/div>\n\t\t\t\t<div class=\"elementor-element elementor-element-3d7df2b elementor-widget elementor-widget-text-editor\" data-id=\"3d7df2b\" data-element_type=\"widget\" data-e-type=\"widget\" data-widget_type=\"text-editor.default\">\n\t\t\t\t<div class=\"elementor-widget-container\">\n\t\t\t\t\t\t\t\t\t<p><strong>COMESSA\u00a0 est certifi\u00e9e<\/strong>\u202faux normes Syst\u00e8me de Management de la Qualit\u00e9, Sant\u00e9 &amp; S\u00e9curit\u00e9, Environnement et de la Responsabilit\u00e9 Soci\u00e9tale, selon les r\u00e9f\u00e9rentiels :<\/p>\t\t\t\t\t\t\t\t<\/div>\n\t\t\t\t<\/div>\n\t\t<div class=\"elementor-element elementor-element-3e5f14d e-con-full e-flex e-con e-child\" data-id=\"3e5f14d\" data-element_type=\"container\" data-e-type=\"container\">\n\t\t<div class=\"elementor-element elementor-element-225fc24 e-con-full e-flex e-con e-child\" data-id=\"225fc24\" data-element_type=\"container\" data-e-type=\"container\">\n\t\t\t\t<div class=\"elementor-element elementor-element-f498edd elementor-icon-list--layout-traditional elementor-list-item-link-full_width elementor-widget elementor-widget-icon-list\" data-id=\"f498edd\" data-element_type=\"widget\" data-e-type=\"widget\" data-widget_type=\"icon-list.default\">\n\t\t\t\t<div class=\"elementor-widget-container\">\n\t\t\t\t\t\t\t<ul class=\"elementor-icon-list-items\">\n\t\t\t\t\t\t\t<li class=\"elementor-icon-list-item\">\n\t\t\t\t\t\t\t\t\t\t\t<span class=\"elementor-icon-list-icon\">\n\t\t\t\t\t\t\t<i aria-hidden=\"true\" class=\"fas fa-chevron-right\"><\/i>\t\t\t\t\t\t<\/span>\n\t\t\t\t\t\t\t\t\t\t<span class=\"elementor-icon-list-text\">ISO 9001 : 2015 (Management de la Qualit\u00e9)\u202f<\/span>\n\t\t\t\t\t\t\t\t\t<\/li>\n\t\t\t\t\t\t\t\t<li class=\"elementor-icon-list-item\">\n\t\t\t\t\t\t\t\t\t\t\t<span class=\"elementor-icon-list-icon\">\n\t\t\t\t\t\t\t<i aria-hidden=\"true\" class=\"fas fa-chevron-right\"><\/i>\t\t\t\t\t\t<\/span>\n\t\t\t\t\t\t\t\t\t\t<span class=\"elementor-icon-list-text\">ISO 14001 : 2015 (Management Environnemental)\u202f<\/span>\n\t\t\t\t\t\t\t\t\t<\/li>\n\t\t\t\t\t\t\t\t<li class=\"elementor-icon-list-item\">\n\t\t\t\t\t\t\t\t\t\t\t<span class=\"elementor-icon-list-icon\">\n\t\t\t\t\t\t\t<i aria-hidden=\"true\" class=\"fas fa-chevron-right\"><\/i>\t\t\t\t\t\t<\/span>\n\t\t\t\t\t\t\t\t\t\t<span class=\"elementor-icon-list-text\"> ISO 45001 : 2018 (Management de la Sant\u00e9 et de la S\u00e9curit\u00e9)\u202f<\/span>\n\t\t\t\t\t\t\t\t\t<\/li>\n\t\t\t\t\t\t<\/ul>\n\t\t\t\t\t\t<\/div>\n\t\t\t\t<\/div>\n\t\t\t\t<\/div>\n\t\t<div class=\"elementor-element elementor-element-bcbbbad e-con-full e-flex e-con e-child\" data-id=\"bcbbbad\" data-element_type=\"container\" data-e-type=\"container\">\n\t\t\t\t<div class=\"elementor-element elementor-element-bb5dc1e elementor-icon-list--layout-traditional elementor-list-item-link-full_width elementor-widget elementor-widget-icon-list\" data-id=\"bb5dc1e\" data-element_type=\"widget\" data-e-type=\"widget\" data-widget_type=\"icon-list.default\">\n\t\t\t\t<div class=\"elementor-widget-container\">\n\t\t\t\t\t\t\t<ul class=\"elementor-icon-list-items\">\n\t\t\t\t\t\t\t<li class=\"elementor-icon-list-item\">\n\t\t\t\t\t\t\t\t\t\t\t<span class=\"elementor-icon-list-icon\">\n\t\t\t\t\t\t\t<i aria-hidden=\"true\" class=\"fas fa-chevron-right\"><\/i>\t\t\t\t\t\t<\/span>\n\t\t\t\t\t\t\t\t\t\t<span class=\"elementor-icon-list-text\">ISO 20000 : 2011 (Management des Technologies de l'Information)\u202f<\/span>\n\t\t\t\t\t\t\t\t\t<\/li>\n\t\t\t\t\t\t\t\t<li class=\"elementor-icon-list-item\">\n\t\t\t\t\t\t\t\t\t\t\t<span class=\"elementor-icon-list-icon\">\n\t\t\t\t\t\t\t<i aria-hidden=\"true\" class=\"fas fa-chevron-right\"><\/i>\t\t\t\t\t\t<\/span>\n\t\t\t\t\t\t\t\t\t\t<span class=\"elementor-icon-list-text\">ISO 26000 : 2010 (Responsabilit\u00e9 Soci\u00e9tale)\u202f<\/span>\n\t\t\t\t\t\t\t\t\t<\/li>\n\t\t\t\t\t\t\t\t<li class=\"elementor-icon-list-item\">\n\t\t\t\t\t\t\t\t\t\t\t<span class=\"elementor-icon-list-icon\">\n\t\t\t\t\t\t\t<i aria-hidden=\"true\" class=\"fas fa-chevron-right\"><\/i>\t\t\t\t\t\t<\/span>\n\t\t\t\t\t\t\t\t\t\t<span class=\"elementor-icon-list-text\">SA 8000 : 2008 (Responsabilit\u00e9 Soci\u00e9tale et D\u00e9veloppement Durable)<\/span>\n\t\t\t\t\t\t\t\t\t<\/li>\n\t\t\t\t\t\t<\/ul>\n\t\t\t\t\t\t<\/div>\n\t\t\t\t<\/div>\n\t\t\t\t<\/div>\n\t\t\t\t<\/div>\n\t\t\t\t<div class=\"elementor-element elementor-element-f187b7e elementor-widget elementor-widget-text-editor\" data-id=\"f187b7e\" data-element_type=\"widget\" data-e-type=\"widget\" data-widget_type=\"text-editor.default\">\n\t\t\t\t<div class=\"elementor-widget-container\">\n\t\t\t\t\t\t\t\t\t<p><strong>COMESSA s\u2019implique<\/strong> dans la r\u00e9solution des probl\u00e8mes environnementaux, sociaux et \u00e9thiques.<\/p>\t\t\t\t\t\t\t\t<\/div>\n\t\t\t\t<\/div>\n\t\t<div class=\"elementor-element elementor-element-183d8ea e-con-full e-flex e-con e-child\" data-id=\"183d8ea\" data-element_type=\"container\" data-e-type=\"container\">\n\t\t<div class=\"elementor-element elementor-element-f08f0a3 e-con-full e-flex e-con e-child\" data-id=\"f08f0a3\" data-element_type=\"container\" data-e-type=\"container\">\n\t\t\t\t<div class=\"elementor-element elementor-element-eee3ae4 elementor-icon-list--layout-traditional elementor-list-item-link-full_width elementor-widget elementor-widget-icon-list\" data-id=\"eee3ae4\" data-element_type=\"widget\" data-e-type=\"widget\" data-widget_type=\"icon-list.default\">\n\t\t\t\t<div class=\"elementor-widget-container\">\n\t\t\t\t\t\t\t<ul class=\"elementor-icon-list-items\">\n\t\t\t\t\t\t\t<li class=\"elementor-icon-list-item\">\n\t\t\t\t\t\t\t\t\t\t\t<span class=\"elementor-icon-list-icon\">\n\t\t\t\t\t\t\t<i aria-hidden=\"true\" class=\"fas fa-chevron-right\"><\/i>\t\t\t\t\t\t<\/span>\n\t\t\t\t\t\t\t\t\t\t<span class=\"elementor-icon-list-text\">Politique de Direction COMESSA , Qualit\u00e9 \u2013 S\u00e9curit\u00e9 \u2013 Environnement \u2013 Soci\u00e9tal<\/span>\n\t\t\t\t\t\t\t\t\t<\/li>\n\t\t\t\t\t\t<\/ul>\n\t\t\t\t\t\t<\/div>\n\t\t\t\t<\/div>\n\t\t\t\t<\/div>\n\t\t<div class=\"elementor-element elementor-element-d2c789e e-con-full e-flex e-con e-child\" data-id=\"d2c789e\" data-element_type=\"container\" data-e-type=\"container\">\n\t\t\t\t<div class=\"elementor-element elementor-element-a065433 elementor-icon-list--layout-traditional elementor-list-item-link-full_width elementor-widget elementor-widget-icon-list\" data-id=\"a065433\" data-element_type=\"widget\" data-e-type=\"widget\" data-widget_type=\"icon-list.default\">\n\t\t\t\t<div class=\"elementor-widget-container\">\n\t\t\t\t\t\t\t<ul class=\"elementor-icon-list-items\">\n\t\t\t\t\t\t\t<li class=\"elementor-icon-list-item\">\n\t\t\t\t\t\t\t\t\t\t\t<span class=\"elementor-icon-list-icon\">\n\t\t\t\t\t\t\t<i aria-hidden=\"true\" class=\"fas fa-chevron-right\"><\/i>\t\t\t\t\t\t<\/span>\n\t\t\t\t\t\t\t\t\t\t<span class=\"elementor-icon-list-text\">Performance \u00ab\u202fSILVER\u202f\u00bb Top 15%, score global 70\/100 - Sept. 2025-2026  (EcoVadis)<\/span>\n\t\t\t\t\t\t\t\t\t<\/li>\n\t\t\t\t\t\t<\/ul>\n\t\t\t\t\t\t<\/div>\n\t\t\t\t<\/div>\n\t\t\t\t<\/div>\n\t\t\t\t<\/div>\n\t\t<div class=\"elementor-element elementor-element-670c142 e-con-full e-flex e-con e-child\" data-id=\"670c142\" data-element_type=\"container\" data-e-type=\"container\">\n\t\t\t\t<div class=\"elementor-element elementor-element-906ec4a elementor-align-center elementor-widget elementor-widget-button\" data-id=\"906ec4a\" data-element_type=\"widget\" data-e-type=\"widget\" data-widget_type=\"button.default\">\n\t\t\t\t<div class=\"elementor-widget-container\">\n\t\t\t\t\t\t\t\t\t<div class=\"elementor-button-wrapper\">\n\t\t\t\t\t<a class=\"elementor-button elementor-button-link elementor-size-sm\" href=\"https:\/\/www.comessa.com\/fr\/certificats\/\">\n\t\t\t\t\t\t<span class=\"elementor-button-content-wrapper\">\n\t\t\t\t\t\t\t\t\t<span class=\"elementor-button-text\">Acc\u00e9der aux Certificats &amp; Attestations COMESSA<\/span>\n\t\t\t\t\t<\/span>\n\t\t\t\t\t<\/a>\n\t\t\t\t<\/div>\n\t\t\t\t\t\t\t\t<\/div>\n\t\t\t\t<\/div>\n\t\t\t\t<div class=\"elementor-element elementor-element-fbb9e01 elementor-align-center elementor-widget elementor-widget-button\" data-id=\"fbb9e01\" data-element_type=\"widget\" data-e-type=\"widget\" data-widget_type=\"button.default\">\n\t\t\t\t<div class=\"elementor-widget-container\">\n\t\t\t\t\t\t\t\t\t<div class=\"elementor-button-wrapper\">\n\t\t\t\t\t<a class=\"elementor-button elementor-button-link elementor-size-sm\" href=\"https:\/\/www.comessa.com\/fr\/comessa-politique-de-direction_mai-2025_fr-2\/\">\n\t\t\t\t\t\t<span class=\"elementor-button-content-wrapper\">\n\t\t\t\t\t\t\t\t\t<span class=\"elementor-button-text\">Voir la Politique de Direction COMESSA<\/span>\n\t\t\t\t\t<\/span>\n\t\t\t\t\t<\/a>\n\t\t\t\t<\/div>\n\t\t\t\t\t\t\t\t<\/div>\n\t\t\t\t<\/div>\n\t\t\t\t<\/div>\n\t\t\t\t\t<\/div>\n\t\t\t\t<\/div>\n\t\t\t\t<\/div>\n\t\t","protected":false},"excerpt":{"rendered":"<p>comessa,une entreprisehumaine et engag\u00e9e Notre entreprise \u00e0 taille humaine favorise la proximit\u00e9, la r\u00e9activit\u00e9 et l\u2019esprit d\u2019\u00e9quipe. En pla\u00e7ant l\u2019humain au c\u0153ur de notre activit\u00e9 nous faisons de la s\u00e9curit\u00e9, la formation et le bien-\u00eatre de nos collaborateurs, les fondamentaux de notre culture d\u2019entreprise. Notre engagement rse Pour COMESSA, entreprise fran\u00e7aise \u00e0 taille humaine, la [&hellip;]<\/p>\n","protected":false},"author":1,"featured_media":0,"parent":0,"menu_order":0,"comment_status":"closed","ping_status":"closed","template":"","meta":{"_acf_changed":false,"inline_featured_image":false,"footnotes":""},"class_list":["post-3849","page","type-page","status-publish","hentry"],"acf":[],"_links":{"self":[{"href":"https:\/\/www.comessa.com\/fr\/wp-json\/wp\/v2\/pages\/3849","targetHints":{"allow":["GET"]}}],"collection":[{"href":"https:\/\/www.comessa.com\/fr\/wp-json\/wp\/v2\/pages"}],"about":[{"href":"https:\/\/www.comessa.com\/fr\/wp-json\/wp\/v2\/types\/page"}],"author":[{"embeddable":true,"href":"https:\/\/www.comessa.com\/fr\/wp-json\/wp\/v2\/users\/1"}],"replies":[{"embeddable":true,"href":"https:\/\/www.comessa.com\/fr\/wp-json\/wp\/v2\/comments?post=3849"}],"version-history":[{"count":0,"href":"https:\/\/www.comessa.com\/fr\/wp-json\/wp\/v2\/pages\/3849\/revisions"}],"wp:attachment":[{"href":"https:\/\/www.comessa.com\/fr\/wp-json\/wp\/v2\/media?parent=3849"}],"curies":[{"name":"wp","href":"https:\/\/api.w.org\/{rel}","templated":true}]}}